{"id":93,"date":"2015-03-06T14:52:02","date_gmt":"2015-03-06T14:52:02","guid":{"rendered":"http:\/\/cs.startcil.cz\/?page_id=93"},"modified":"2019-04-16T13:53:48","modified_gmt":"2019-04-16T13:53:48","slug":"krty-svatby-pohrby","status":"publish","type":"page","link":"https:\/\/startcil.cz\/cs\/o-nas\/krty-svatby-pohrby\/","title":{"rendered":"K\u0159ty \/ Svatby \/ Poh\u0159by"},"content":{"rendered":"[vc_row type=&#8220;in_container&#8220; full_screen_row_position=&#8220;middle&#8220; scene_position=&#8220;center&#8220; text_color=&#8220;dark&#8220; text_align=&#8220;left&#8220; overlay_strength=&#8220;0.3&#8243; shape_divider_position=&#8220;bottom&#8220; bg_image_animation=&#8220;none&#8220;][vc_column column_padding=&#8220;padding-3-percent&#8220; column_padding_position=&#8220;all&#8220; background_color_opacity=&#8220;1&#8243; background_hover_color_opacity=&#8220;1&#8243; column_link_target=&#8220;_self&#8220; column_shadow=&#8220;none&#8220; column_border_radius=&#8220;none&#8220; width=&#8220;1\/1&#8243; tablet_width_inherit=&#8220;default&#8220; tablet_text_alignment=&#8220;default&#8220; phone_text_alignment=&#8220;default&#8220; column_border_width=&#8220;none&#8220; column_border_style=&#8220;solid&#8220; bg_image_animation=&#8220;none&#8220; enable_animation=&#8220;true&#8220; animation=&#8220;fade-in&#8220;][vc_column_text]\n<h1 style=\"text-align: center;\">K\u0159ty \/ Svatby \/ Poh\u0159by<\/h1>\n[\/vc_column_text][\/vc_column][\/vc_row][vc_row type=&#8220;in_container&#8220; full_screen_row_position=&#8220;middle&#8220; scene_position=&#8220;center&#8220; text_color=&#8220;dark&#8220; text_align=&#8220;left&#8220; overlay_strength=&#8220;0.3&#8243; shape_divider_position=&#8220;bottom&#8220; bg_image_animation=&#8220;none&#8220;][vc_column column_padding=&#8220;no-extra-padding&#8220; column_padding_position=&#8220;all&#8220; background_color_opacity=&#8220;1&#8243; background_hover_color_opacity=&#8220;1&#8243; column_link_target=&#8220;_self&#8220; column_shadow=&#8220;none&#8220; column_border_radius=&#8220;none&#8220; width=&#8220;1\/1&#8243; tablet_width_inherit=&#8220;default&#8220; tablet_text_alignment=&#8220;default&#8220; phone_text_alignment=&#8220;default&#8220; column_border_width=&#8220;none&#8220; column_border_style=&#8220;solid&#8220; bg_image_animation=&#8220;none&#8220;][vc_column_text]R\u016fzn\u00e9 okam\u017eiky na\u0161eho \u017eivota ur\u010duj\u00ed n\u00e1s \u017eivot. N\u011bkdy jsou to chv\u00edle radostn\u00e9, jindy zase smutn\u00e9. Moc r\u00e1di tyto d\u016fle\u017eit\u00e9 okam\u017eiky poneseme spole\u010dn\u011b s v\u00e1mi. Svatb\u00e1m p\u0159edch\u00e1z\u00ed 3 p\u0159edsvatebn\u00ed pohovory, jejich\u017e c\u00edlem je snoubence l\u00e9pe poznat, aby svatba mohla b\u00fdt\u00a0<span class=\"m_-5858459560354327461gmail-il\">co<\/span>\u00a0<span class=\"m_-5858459560354327461gmail-il\">nejv\u00edce<\/span>\u00a0<span class=\"m_-5858459560354327461gmail-il\">osobn\u00ed<\/span>. \u0158e\u0161\u00edme na nich nejen technick\u00e9 v\u011bci spojen\u00e9 s ob\u0159adem, ale je i pov\u00edd\u00e1n\u00edm o tom,\u00a0<span class=\"m_-5858459560354327461gmail-il\">co<\/span>\u00a0d\u011blat, aby v\u00e1m to v man\u017eelstv\u00ed klapalo. V p\u0159\u00edpad\u011b poh\u0159bu je nutn\u00e9 jedno setk\u00e1n\u00ed.<\/p>\n<p>V p\u0159\u00edpad\u011b pot\u0159eby kontaktuje pastora sboru Luk\u00e1\u0161e Sztefka (737 449 044, info@startcil.cz)<\/p>\n<p><iframe loading=\"lazy\" src=\"https:\/\/www.youtube.com\/embed\/kJPzBV1tRU4\" width=\"560\" height=\"315\" frameborder=\"0\" allowfullscreen=\"allowfullscreen\"><\/iframe>[\/vc_column_text][\/vc_column][\/vc_row]\n","protected":false},"excerpt":{"rendered":"<p>[vc_row type=&#8220;in_container&#8220; full_screen_row_position=&#8220;middle&#8220; scene_position=&#8220;center&#8220; text_color=&#8220;dark&#8220; text_align=&#8220;left&#8220; overlay_strength=&#8220;0.3&#8243; shape_divider_position=&#8220;bottom&#8220; bg_image_animation=&#8220;none&#8220;][vc_column column_padding=&#8220;padding-3-percent&#8220; column_padding_position=&#8220;all&#8220; background_color_opacity=&#8220;1&#8243; background_hover_color_opacity=&#8220;1&#8243; column_link_target=&#8220;_self&#8220; column_shadow=&#8220;none&#8220;&#8230;<\/p>\n","protected":false},"author":1,"featured_media":0,"parent":14,"menu_order":4,"comment_status":"open","ping_status":"open","template":"","meta":[],"_links":{"self":[{"href":"https:\/\/startcil.cz\/cs\/wp-json\/wp\/v2\/pages\/93"}],"collection":[{"href":"https:\/\/startcil.cz\/cs\/wp-json\/wp\/v2\/pages"}],"about":[{"href":"https:\/\/startcil.cz\/cs\/wp-json\/wp\/v2\/types\/page"}],"author":[{"embeddable":true,"href":"https:\/\/startcil.cz\/cs\/wp-json\/wp\/v2\/users\/1"}],"replies":[{"embeddable":true,"href":"https:\/\/startcil.cz\/cs\/wp-json\/wp\/v2\/comments?post=93"}],"version-history":[{"count":4,"href":"https:\/\/startcil.cz\/cs\/wp-json\/wp\/v2\/pages\/93\/revisions"}],"predecessor-version":[{"id":6240,"href":"https:\/\/startcil.cz\/cs\/wp-json\/wp\/v2\/pages\/93\/revisions\/6240"}],"up":[{"embeddable":true,"href":"https:\/\/startcil.cz\/cs\/wp-json\/wp\/v2\/pages\/14"}],"wp:attachment":[{"href":"https:\/\/startcil.cz\/cs\/wp-json\/wp\/v2\/media?parent=93"}],"curies":[{"name":"wp","href":"https:\/\/api.w.org\/{rel}","templated":true}]}}