{"id":91,"date":"2015-03-06T14:51:39","date_gmt":"2015-03-06T14:51:39","guid":{"rendered":"http:\/\/cs.startcil.cz\/?page_id=91"},"modified":"2023-06-03T05:16:26","modified_gmt":"2023-06-03T05:16:26","slug":"jste-tady-poprve","status":"publish","type":"page","link":"https:\/\/startcil.cz\/cs\/o-nas\/jste-tady-poprve\/","title":{"rendered":"Jste tady poprv\u00e9?"},"content":{"rendered":"[vc_row type=&#8220;in_container&#8220; full_screen_row_position=&#8220;middle&#8220; scene_position=&#8220;center&#8220; text_color=&#8220;dark&#8220; text_align=&#8220;left&#8220; overlay_strength=&#8220;0.3&#8243; shape_divider_position=&#8220;bottom&#8220; bg_image_animation=&#8220;none&#8220;][vc_column column_padding=&#8220;padding-3-percent&#8220; column_padding_position=&#8220;all&#8220; background_color_opacity=&#8220;1&#8243; background_hover_color_opacity=&#8220;1&#8243; column_link_target=&#8220;_self&#8220; column_shadow=&#8220;none&#8220; column_border_radius=&#8220;none&#8220; width=&#8220;1\/1&#8243; tablet_width_inherit=&#8220;default&#8220; tablet_text_alignment=&#8220;default&#8220; phone_text_alignment=&#8220;default&#8220; column_border_width=&#8220;none&#8220; column_border_style=&#8220;solid&#8220; bg_image_animation=&#8220;none&#8220; enable_animation=&#8220;true&#8220; animation=&#8220;fade-in&#8220;][vc_column_text]\n<h1 style=\"text-align: center;\">Jste tady poprv\u00e9?<\/h1>\n[\/vc_column_text][\/vc_column][\/vc_row][vc_row type=&#8220;in_container&#8220; full_screen_row_position=&#8220;middle&#8220; scene_position=&#8220;center&#8220; text_color=&#8220;dark&#8220; text_align=&#8220;left&#8220; overlay_strength=&#8220;0.3&#8243; shape_divider_position=&#8220;bottom&#8220; bg_image_animation=&#8220;none&#8220;][vc_column column_padding=&#8220;no-extra-padding&#8220; column_padding_position=&#8220;all&#8220; background_color_opacity=&#8220;1&#8243; background_hover_color_opacity=&#8220;1&#8243; column_link_target=&#8220;_self&#8220; column_shadow=&#8220;none&#8220; column_border_radius=&#8220;none&#8220; width=&#8220;1\/1&#8243; tablet_width_inherit=&#8220;default&#8220; tablet_text_alignment=&#8220;default&#8220; phone_text_alignment=&#8220;default&#8220; column_border_width=&#8220;none&#8220; column_border_style=&#8220;solid&#8220; bg_image_animation=&#8220;none&#8220;][vc_column_text]Je skv\u011bl\u00e9, \u017ee jsi zav\u00edtal pr\u00e1v\u011b k n\u00e1m. Jsme k\u0159es\u0165an\u00e9 sboru Slezsk\u00e9 c\u00edrkve evangelick\u00e9 v T\u011brlicku. Rozhodn\u011b nechceme b\u00fdt uzav\u0159enou skupinou, budeme moc r\u00e1di, kdy\u017e zav\u00edt\u00e1\u0161 mezi n\u00e1s osobn\u011b. Pokud se na to je\u0161t\u011b nec\u00edt\u00ed\u0161, a pot\u0159ebuje\u0161 se trochu rozkoukat, najde\u0161 tady fotogalerii, ale i z\u00e1znamy ned\u011bln\u00edch bohoslu\u017eeb. Pokud m\u00e1\u0161 jakoukoliv ot\u00e1zku, probl\u00e9m, radost neboj se n\u00e1m napsat na info@startcil.cz jsme tady pro tebe.<\/p>\n<p>Pokud chce\u0161 v\u011bd\u011bt, co n\u00e1m d\u00e1v\u00e1 nejv\u011bt\u0161\u00ed nad\u011bji v \u017eivot\u011b, <a title=\"Na\u0161e nad\u011bje\" href=\"http:\/\/startcil.cz\/multimedia\/nase_nadeje\/\">klikni zde<\/a>.<\/p>\n<p><iframe loading=\"lazy\" src=\"https:\/\/www.youtube.com\/embed\/YWNy5Wa3ucw\" width=\"560\" height=\"315\" frameborder=\"0\" allowfullscreen=\"allowfullscreen\"><\/iframe>[\/vc_column_text][\/vc_column][\/vc_row]\n","protected":false},"excerpt":{"rendered":"<p>[vc_row type=&#8220;in_container&#8220; full_screen_row_position=&#8220;middle&#8220; scene_position=&#8220;center&#8220; text_color=&#8220;dark&#8220; text_align=&#8220;left&#8220; overlay_strength=&#8220;0.3&#8243; shape_divider_position=&#8220;bottom&#8220; bg_image_animation=&#8220;none&#8220;][vc_column column_padding=&#8220;padding-3-percent&#8220; column_padding_position=&#8220;all&#8220; background_color_opacity=&#8220;1&#8243; background_hover_color_opacity=&#8220;1&#8243; column_link_target=&#8220;_self&#8220; column_shadow=&#8220;none&#8220;&#8230;<\/p>\n","protected":false},"author":1,"featured_media":0,"parent":14,"menu_order":2,"comment_status":"open","ping_status":"open","template":"","meta":[],"_links":{"self":[{"href":"https:\/\/startcil.cz\/cs\/wp-json\/wp\/v2\/pages\/91"}],"collection":[{"href":"https:\/\/startcil.cz\/cs\/wp-json\/wp\/v2\/pages"}],"about":[{"href":"https:\/\/startcil.cz\/cs\/wp-json\/wp\/v2\/types\/page"}],"author":[{"embeddable":true,"href":"https:\/\/startcil.cz\/cs\/wp-json\/wp\/v2\/users\/1"}],"replies":[{"embeddable":true,"href":"https:\/\/startcil.cz\/cs\/wp-json\/wp\/v2\/comments?post=91"}],"version-history":[{"count":6,"href":"https:\/\/startcil.cz\/cs\/wp-json\/wp\/v2\/pages\/91\/revisions"}],"predecessor-version":[{"id":7005,"href":"https:\/\/startcil.cz\/cs\/wp-json\/wp\/v2\/pages\/91\/revisions\/7005"}],"up":[{"embeddable":true,"href":"https:\/\/startcil.cz\/cs\/wp-json\/wp\/v2\/pages\/14"}],"wp:attachment":[{"href":"https:\/\/startcil.cz\/cs\/wp-json\/wp\/v2\/media?parent=91"}],"curies":[{"name":"wp","href":"https:\/\/api.w.org\/{rel}","templated":true}]}}