{"id":7857,"date":"2025-02-21T10:15:45","date_gmt":"2025-02-21T10:15:45","guid":{"rendered":"https:\/\/startcil.cz\/cs\/?page_id=7857"},"modified":"2025-06-04T10:13:25","modified_gmt":"2025-06-04T10:13:25","slug":"garaz","status":"publish","type":"page","link":"https:\/\/startcil.cz\/cs\/garaz\/","title":{"rendered":"Gar\u00e1\u017e"},"content":{"rendered":"[vc_row type=&#8220;in_container&#8220; full_screen_row_position=&#8220;middle&#8220; scene_position=&#8220;center&#8220; text_color=&#8220;dark&#8220; text_align=&#8220;left&#8220; overlay_strength=&#8220;0.3&#8243; shape_divider_position=&#8220;bottom&#8220; bg_image_animation=&#8220;none&#8220;][vc_column column_padding=&#8220;no-extra-padding&#8220; column_padding_position=&#8220;all&#8220; background_color_opacity=&#8220;1&#8243; background_hover_color_opacity=&#8220;1&#8243; column_link_target=&#8220;_self&#8220; column_shadow=&#8220;none&#8220; column_border_radius=&#8220;none&#8220; width=&#8220;1\/1&#8243; tablet_width_inherit=&#8220;default&#8220; tablet_text_alignment=&#8220;default&#8220; phone_text_alignment=&#8220;default&#8220; column_border_width=&#8220;none&#8220; column_border_style=&#8220;solid&#8220; bg_image_animation=&#8220;none&#8220;][nectar_animated_title heading_tag=&#8220;h6&#8243; style=&#8220;color-strip-reveal&#8220; color=&#8220;Extra-Color-3&#8243; text=&#8220;Gar\u00e1\u017e&#8220;][vc_column_text]Chlapi (18+) o5 pro v\u00e1s chyst\u00e1me dal\u0161\u00ed, par\u00e1dni akci a to v kopc\u00edch Beskyd. Jde o p\u0159esp\u00e1va\u010dku pod \u0161ir\u00e1kem, stanem (z\u00e1le\u017e\u00ed na ka\u017ed\u00e9m) pod chatou SLAV\u00cd\u010c.<br \/>\nProst\u011b vypnout, relax, b\u00fdt spolu u ohn\u011b, n\u011bco op\u00e9ct, modlit se, pokecat, t\u00e9ma: MIMO\u0158\u00c1DN\u00c9 OKAM\u017dIKY &#8211; VD\u011a\u010cNOST)<\/p>\n<p><strong>DOPRAVA<\/strong>: auty do Komorni Lhotky. Odkud p\u016fjdeme asi 1,5 hod. na m\u00edsto. Jedno auto pojede k chat\u011b.<br \/>\n<strong>J\u00cdDLO:<\/strong> ka\u017ed\u00fd si vezme sv\u00e9 j\u00eddlo na p\u00e1tek ve\u010der &#8211; klob\u00e1sa na ope\u010den\u00ed, chleba a sn\u00eddani podle vlastn\u00ed volby. Buchta \u010di cokoliv bude fajn (: pro &#8222;spole\u010dn\u00fd st\u016fl&#8220;.<br \/>\n<strong>PIT\u00cd:<\/strong> budeme m\u00edt \u010daj, vemte si miner\u00e1lky atd. + kel\u00edmek<br \/>\n<strong>SPAN\u00cd:<\/strong> jak kdo chce &#8211; stan, pod \u0161ir\u00e1kem. Spac\u00e1k, karita\u0165ka:). V de\u0161ti bude mo\u017enost p\u0159espat v mysliveck\u00e9 chat\u011b.<br \/>\n<strong>N\u00c1VRAT:<\/strong> p\u0159ed ob\u011bdem<\/p>\n<p>Pro jak\u00fdkoliv dotaz, volejte Michalovi 777 193 845.[\/vc_column_text][\/vc_column][\/vc_row][vc_row type=&#8220;in_container&#8220; full_screen_row_position=&#8220;middle&#8220; scene_position=&#8220;center&#8220; text_color=&#8220;dark&#8220; text_align=&#8220;left&#8220; overlay_strength=&#8220;0.3&#8243; shape_divider_position=&#8220;bottom&#8220; bg_image_animation=&#8220;none&#8220;][vc_column column_padding=&#8220;no-extra-padding&#8220; column_padding_position=&#8220;all&#8220; background_color_opacity=&#8220;1&#8243; background_hover_color_opacity=&#8220;1&#8243; column_link_target=&#8220;_self&#8220; column_shadow=&#8220;none&#8220; column_border_radius=&#8220;none&#8220; width=&#8220;1\/1&#8243; tablet_width_inherit=&#8220;default&#8220; tablet_text_alignment=&#8220;default&#8220; phone_text_alignment=&#8220;default&#8220; column_border_width=&#8220;none&#8220; column_border_style=&#8220;solid&#8220; bg_image_animation=&#8220;none&#8220;]<div class=\"img-with-aniamtion-wrap right\" data-max-width=\"100%\" data-border-radius=\"none\"><div class=\"inner\"><img data-shadow=\"none\" data-shadow-direction=\"middle\" class=\"img-with-animation skip-lazy \" data-delay=\"0\" height=\"1600\" width=\"1131\"  data-animation=\"none\" src=\"https:\/\/startcil.cz\/cs\/wp-content\/uploads\/2025\/06\/WhatsApp-Image-2025-06-02-at-20.58.22.jpeg\" srcset=\"https:\/\/startcil.cz\/cs\/wp-content\/uploads\/2025\/06\/WhatsApp-Image-2025-06-02-at-20.58.22.jpeg 1131w, https:\/\/startcil.cz\/cs\/wp-content\/uploads\/2025\/06\/WhatsApp-Image-2025-06-02-at-20.58.22-212x300.jpeg 212w, https:\/\/startcil.cz\/cs\/wp-content\/uploads\/2025\/06\/WhatsApp-Image-2025-06-02-at-20.58.22-724x1024.jpeg 724w, https:\/\/startcil.cz\/cs\/wp-content\/uploads\/2025\/06\/WhatsApp-Image-2025-06-02-at-20.58.22-768x1086.jpeg 768w, https:\/\/startcil.cz\/cs\/wp-content\/uploads\/2025\/06\/WhatsApp-Image-2025-06-02-at-20.58.22-1086x1536.jpeg 1086w\" sizes=\"100vw\" alt=\"\" \/><\/div><\/div>[\/vc_column][\/vc_row]\n","protected":false},"excerpt":{"rendered":"<p>[vc_row type=&#8220;in_container&#8220; full_screen_row_position=&#8220;middle&#8220; scene_position=&#8220;center&#8220; text_color=&#8220;dark&#8220; text_align=&#8220;left&#8220; overlay_strength=&#8220;0.3&#8243; shape_divider_position=&#8220;bottom&#8220; bg_image_animation=&#8220;none&#8220;][vc_column column_padding=&#8220;no-extra-padding&#8220; column_padding_position=&#8220;all&#8220; background_color_opacity=&#8220;1&#8243; background_hover_color_opacity=&#8220;1&#8243; column_link_target=&#8220;_self&#8220; column_shadow=&#8220;none&#8220;&#8230;<\/p>\n","protected":false},"author":2,"featured_media":0,"parent":0,"menu_order":0,"comment_status":"closed","ping_status":"closed","template":"","meta":[],"_links":{"self":[{"href":"https:\/\/startcil.cz\/cs\/wp-json\/wp\/v2\/pages\/7857"}],"collection":[{"href":"https:\/\/startcil.cz\/cs\/wp-json\/wp\/v2\/pages"}],"about":[{"href":"https:\/\/startcil.cz\/cs\/wp-json\/wp\/v2\/types\/page"}],"author":[{"embeddable":true,"href":"https:\/\/startcil.cz\/cs\/wp-json\/wp\/v2\/users\/2"}],"replies":[{"embeddable":true,"href":"https:\/\/startcil.cz\/cs\/wp-json\/wp\/v2\/comments?post=7857"}],"version-history":[{"count":4,"href":"https:\/\/startcil.cz\/cs\/wp-json\/wp\/v2\/pages\/7857\/revisions"}],"predecessor-version":[{"id":7905,"href":"https:\/\/startcil.cz\/cs\/wp-json\/wp\/v2\/pages\/7857\/revisions\/7905"}],"wp:attachment":[{"href":"https:\/\/startcil.cz\/cs\/wp-json\/wp\/v2\/media?parent=7857"}],"curies":[{"name":"wp","href":"https:\/\/api.w.org\/{rel}","templated":true}]}}