{"id":7732,"date":"2024-11-28T07:34:47","date_gmt":"2024-11-28T07:34:47","guid":{"rendered":"https:\/\/startcil.cz\/cs\/?page_id=7732"},"modified":"2026-02-04T11:22:28","modified_gmt":"2026-02-04T11:22:28","slug":"altan","status":"publish","type":"page","link":"https:\/\/startcil.cz\/cs\/altan\/","title":{"rendered":"Alt\u00e1n"},"content":{"rendered":"[vc_row type=&#8220;full_width_content&#8220; full_screen_row_position=&#8220;middle&#8220; scene_position=&#8220;center&#8220; text_color=&#8220;dark&#8220; text_align=&#8220;left&#8220; overlay_strength=&#8220;0.3&#8243; shape_divider_position=&#8220;bottom&#8220; bg_image_animation=&#8220;none&#8220; shape_type=&#8220;&#8220;][vc_column column_padding=&#8220;no-extra-padding&#8220; column_padding_position=&#8220;all&#8220; background_color_opacity=&#8220;1&#8243; background_hover_color_opacity=&#8220;1&#8243; column_link_target=&#8220;_self&#8220; column_shadow=&#8220;none&#8220; column_border_radius=&#8220;none&#8220; width=&#8220;1\/1&#8243; tablet_width_inherit=&#8220;default&#8220; tablet_text_alignment=&#8220;default&#8220; phone_text_alignment=&#8220;default&#8220; column_border_width=&#8220;none&#8220; column_border_style=&#8220;solid&#8220; bg_image_animation=&#8220;none&#8220;][\/vc_column][\/vc_row][vc_row type=&#8220;full_width_background&#8220; full_screen_row_position=&#8220;middle&#8220; scene_position=&#8220;center&#8220; text_color=&#8220;dark&#8220; text_align=&#8220;left&#8220; overlay_strength=&#8220;0.3&#8243; shape_divider_position=&#8220;bottom&#8220; bg_image_animation=&#8220;none&#8220; shape_type=&#8220;&#8220;][vc_column column_padding=&#8220;no-extra-padding&#8220; column_padding_position=&#8220;all&#8220; background_color_opacity=&#8220;1&#8243; background_hover_color_opacity=&#8220;1&#8243; column_link_target=&#8220;_self&#8220; column_shadow=&#8220;none&#8220; column_border_radius=&#8220;none&#8220; width=&#8220;1\/1&#8243; tablet_width_inherit=&#8220;default&#8220; tablet_text_alignment=&#8220;default&#8220; phone_text_alignment=&#8220;default&#8220; column_border_width=&#8220;none&#8220; column_border_style=&#8220;solid&#8220; bg_image_animation=&#8220;none&#8220;][nectar_animated_title heading_tag=&#8220;h2&#8243; style=&#8220;color-strip-reveal&#8220; color=&#8220;Extra-Color-3&#8243; text=&#8220;1.\tK \u010demu bude alt\u00e1n slou\u017eit?&#8220;][vc_column_text]\n<p style=\"font-weight: 400;\">Alt\u00e1n je jednou ze 7 z\u00f3n KOMUNITN\u00cd ZAHRADY C\u00cdLOVKA. <a href=\"http:\/\/www.zahradacilovka.cz\/\">www.zahradacilovka.cz<\/a><\/p>\n<p style=\"font-weight: 400;\">Moto leto\u0161n\u00ed ve\u0159ejn\u00e9 sb\u00edrky \u201e<strong>SPOLE\u010cN\u011a POD JEDNOU ST\u0158ECHOU\u201c<em>, <\/em><\/strong>vyjad\u0159uje na\u0161e p\u0159\u00e1n\u00ed, aby se komunitn\u00ed alt\u00e1n stal m\u00edstem setk\u00e1v\u00e1n\u00ed lid\u00ed v\u0161ech generac\u00ed. Spole\u010dnost je rozd\u011blena, my chceme vytv\u00e1\u0159et prostor, kde by se lid\u00e9 mohli vz\u00e1jemn\u011b potk\u00e1vat, propojit. To je i POSL\u00c1N\u00cdM zahrady C\u00edlovka: <strong>\u201eVytvo\u0159it unik\u00e1tn\u00ed m\u00edsto komunitn\u00ed zahrady, kde se lid\u00e9 v\u0161ech generac\u00ed propojuj\u00ed, seznamuj\u00ed, inspiruj\u00ed a pro\u017e\u00edvaj\u00ed z\u00e1jem. Je to m\u00edsto setk\u00e1v\u00e1n\u00ed, z\u00e1bavy, odpo\u010dinku a rozj\u00edm\u00e1n\u00ed.\u201c<\/strong><\/p>\n<p style=\"font-weight: 400;\">9 v\u011bc\u00ed, kter\u00e9 se mohou st\u00e1t, kdy\u017e se z velk\u00e9ho komunitn\u00edho alt\u00e1nu stane centrum setk\u00e1v\u00e1n\u00ed pro lidi z\u00a0obce<em>,<\/em> kter\u00e9 bude m\u00edt \u0161irok\u00e9 vyu\u017eit\u00ed.<\/p>\n<ul>\n<li style=\"font-weight: 400;\"><strong>M\u00edsto setk\u00e1v\u00e1n\u00ed komunity<\/strong> \u2013 Lid\u00e9 se zde pravideln\u011b sch\u00e1zej\u00ed na r\u016fzn\u00fdch akc\u00edch, setk\u00e1n\u00edch nebo jen neform\u00e1ln\u00edm posezen\u00ed.<\/li>\n<li style=\"font-weight: 400;\"><strong>Podpora sousedsk\u00fdch vztah\u016f<\/strong> \u2013 Lid\u00e9 se v\u00edce pozn\u00e1vaj\u00ed, sd\u00edl\u00ed spole\u010dn\u00e9 z\u00e1\u017eitky a vznik\u00e1 siln\u011bj\u0161\u00ed pocit soun\u00e1le\u017eitosti.<\/li>\n<li style=\"font-weight: 400;\"><strong>Prostor pro kulturn\u00ed akce<\/strong> \u2013 M\u00edsto m\u016f\u017ee hostit koncerty, divadeln\u00ed p\u0159edstaven\u00ed, besedy, v\u00fdstavy nebo prom\u00edt\u00e1n\u00ed film\u016f.<\/li>\n<li style=\"font-weight: 400;\"><strong>M\u00edsto pro dobrovolnickou \u010dinnost<\/strong> \u2013 Komunitn\u00ed alt\u00e1n slou\u017e\u00ed jako z\u00e1kladna pro dobrovolnick\u00e9 iniciativy \u2013 sb\u00edrky, pomoc senior\u016fm, komunitn\u00ed \u00faklidy apod.<\/li>\n<li style=\"font-weight: 400;\"><strong>Vzd\u011bl\u00e1vac\u00ed aktivity<\/strong> \u2013 Mohou se zde konat workshopy, p\u0159edn\u00e1\u0161ky, kurzy (nap\u0159. jazykov\u00e9, rukod\u011bln\u00e9, technick\u00e9) pro v\u0161echny v\u011bkov\u00e9 skupiny.<\/li>\n<li style=\"font-weight: 400;\"><strong>Podpora rodin a d\u011bt\u00ed<\/strong> \u2013 M\u00edsto m\u016f\u017ee nab\u00edzet programy pro d\u011bti, maminky s d\u011btmi, v\u00edkendov\u00e9 d\u00edlny, herny nebo p\u0159\u00edm\u011bstsk\u00e9 t\u00e1bory. Prostor mohou vyu\u017e\u00edvat \u0161kolky a z\u00e1kladn\u00ed \u0161kola jako extern\u00ed prostor pro vzd\u011bl\u00e1v\u00e1n\u00ed a z\u00e1bavu.<\/li>\n<li style=\"font-weight: 400;\"><strong>Z\u00e1zem\u00ed pro akce, slavnosti<\/strong> \u2013 P\u0159i po\u0159\u00e1d\u00e1n\u00ed akc\u00ed pro r\u016fzn\u00e9 generace. Z\u00e1zem\u00ed svateb, po\u0159\u00e1d\u00e1n\u00ed sousedsk\u00fdch nebo obecn\u00edch slavnost\u00ed.<\/li>\n<li style=\"font-weight: 400;\"><strong>Prostor pro diskuzi a rozhodov\u00e1n\u00ed<\/strong> \u2013 Obec m\u016f\u017ee alt\u00e1n vyu\u017e\u00edt pro ve\u0159ejn\u00e9 diskuze, pl\u00e1nov\u00e1n\u00ed rozvoje obce, setk\u00e1n\u00ed s veden\u00edm.<\/li>\n<li style=\"font-weight: 400;\"><strong>Symbol jednoty a nad\u011bje<\/strong> \u2013 Kostel i alt\u00e1n se stanou nejen fyzick\u00fdm, ale i duchovn\u00edm a symbolick\u00fdm st\u0159edem obce \u2013 m\u00edstem klidu, otev\u0159enosti a inspirace.<\/li>\n<\/ul>\n[\/vc_column_text][\/vc_column][\/vc_row][vc_row type=&#8220;in_container&#8220; full_screen_row_position=&#8220;middle&#8220; scene_position=&#8220;center&#8220; text_color=&#8220;dark&#8220; text_align=&#8220;left&#8220; overlay_strength=&#8220;0.3&#8243; shape_divider_position=&#8220;bottom&#8220; bg_image_animation=&#8220;none&#8220;][vc_column column_padding=&#8220;no-extra-padding&#8220; column_padding_position=&#8220;all&#8220; background_color_opacity=&#8220;1&#8243; background_hover_color_opacity=&#8220;1&#8243; column_link_target=&#8220;_self&#8220; column_shadow=&#8220;none&#8220; column_border_radius=&#8220;none&#8220; width=&#8220;1\/1&#8243; tablet_width_inherit=&#8220;default&#8220; tablet_text_alignment=&#8220;default&#8220; phone_text_alignment=&#8220;default&#8220; column_border_width=&#8220;none&#8220; column_border_style=&#8220;solid&#8220; bg_image_animation=&#8220;none&#8220;][\/vc_column][\/vc_row][vc_row type=&#8220;in_container&#8220; full_screen_row_position=&#8220;middle&#8220; scene_position=&#8220;center&#8220; text_color=&#8220;dark&#8220; text_align=&#8220;left&#8220; overlay_strength=&#8220;0.3&#8243; shape_divider_position=&#8220;bottom&#8220; bg_image_animation=&#8220;none&#8220;][vc_column column_padding=&#8220;no-extra-padding&#8220; column_padding_position=&#8220;all&#8220; background_color_opacity=&#8220;1&#8243; background_hover_color_opacity=&#8220;1&#8243; column_link_target=&#8220;_self&#8220; column_shadow=&#8220;none&#8220; column_border_radius=&#8220;none&#8220; width=&#8220;1\/1&#8243; tablet_width_inherit=&#8220;default&#8220; tablet_text_alignment=&#8220;default&#8220; phone_text_alignment=&#8220;default&#8220; column_border_width=&#8220;none&#8220; column_border_style=&#8220;solid&#8220; bg_image_animation=&#8220;none&#8220;][nectar_animated_title heading_tag=&#8220;h2&#8243; style=&#8220;color-strip-reveal&#8220; color=&#8220;Extra-Color-3&#8243; text=&#8220;2.\tKde jsme dnes a pro\u010d je\u0161t\u011b alt\u00e1n nestoj\u00ed?&#8220;][vc_column_text]\n<p style=\"font-weight: 400;\"><strong>STAVBA ALT\u00c1NU POSUNUTA NA JARO 2026<\/strong><\/p>\n<p style=\"font-weight: 400;\">Na\u0161im snem bylo na zahrad\u011b C\u00edlovka v\u00a0roce 2025 vid\u011bt postaven\u00fd alt\u00e1n \u2013 \u00fast\u0159edn\u00ed bod zahrady. D\u011blali jsme v\u0161e pro to, abychom tuto stavbu zrealizovali. V tuto chv\u00edli v\u0161ak v\u00edme, \u017ee se alt\u00e1n <strong>letos nestihne<\/strong> <strong>postavit. \u00a0<\/strong><strong>Cel\u00fd proces p\u0159\u00edpravy t\u00e9to stavby byl \u010dasov\u011b mnohem n\u00e1ro\u010dn\u011bj\u0161\u00ed, ne\u017e jsme o\u010dek\u00e1vali. <\/strong>V pr\u016fb\u011bhu projektov\u00e1n\u00ed jsme museli \u0159e\u0161it hned n\u011bkolik p\u0159ek\u00e1\u017eek, kter\u00e9 cel\u00fd proces zpomalily. Vy\u0159\u00edzen\u00ed pot\u0159ebn\u00fdch stanovisek vzalo taky v\u00edce \u010dasu, ne\u017e jsme mysleli.<\/p>\n<p style=\"font-weight: 400;\">V\u00a0sou\u010dasn\u00e9 dob\u011b je ve\u0161ker\u00e1 dokumentace na stavebn\u00edm \u00fa\u0159ad\u011b s \u017e\u00e1dost\u00ed o stavebn\u00ed povolen\u00ed. Pokud stavebn\u00ed \u00fa\u0159ad vyd\u00e1 (zima 2026) souhlasn\u00e9 stanovisko, samotn\u00e1 <strong>stavba<\/strong> by mohla za\u010d\u00edt na <strong>ja\u0159e 2026<\/strong>. <strong>V\u011b\u0159\u00edme, \u017ee v\u0161e se d\u011bje tak jak m\u00e1 a ve sv\u016fj \u010das.<\/strong> U\u010d\u00edme se nov\u00e9 v\u011bci, pozn\u00e1v\u00e1me nov\u00e9 lidi z\u00a0obce, jdeme krok za krokem a v\u011b\u0159\u00edme, \u017ee alt\u00e1n se postav\u00ed ve spr\u00e1vn\u00fd \u010das a taky, \u017ee spousta lid\u00ed bude m\u00edt p\u0159\u00edle\u017eitost se zapojit, aby se sen stal skute\u010dnost\u00ed.<\/p>\n<p>&nbsp;[\/vc_column_text]<div class=\"img-with-aniamtion-wrap center\" data-max-width=\"100%\" data-border-radius=\"none\"><div class=\"inner\"><img data-shadow=\"none\" data-shadow-direction=\"middle\" class=\"img-with-animation skip-lazy \" data-delay=\"0\" height=\"1240\" width=\"1748\"  data-animation=\"none\" src=\"https:\/\/startcil.cz\/cs\/wp-content\/uploads\/2025\/11\/WEB-2.jpg\" srcset=\"https:\/\/startcil.cz\/cs\/wp-content\/uploads\/2025\/11\/WEB-2.jpg 1748w, https:\/\/startcil.cz\/cs\/wp-content\/uploads\/2025\/11\/WEB-2-300x213.jpg 300w, https:\/\/startcil.cz\/cs\/wp-content\/uploads\/2025\/11\/WEB-2-1024x726.jpg 1024w, https:\/\/startcil.cz\/cs\/wp-content\/uploads\/2025\/11\/WEB-2-768x545.jpg 768w, https:\/\/startcil.cz\/cs\/wp-content\/uploads\/2025\/11\/WEB-2-1536x1090.jpg 1536w\" sizes=\"100vw\" alt=\"\" \/><\/div><\/div>[vc_column_text]&nbsp;<\/p>\n<p style=\"font-weight: 400;\">V \u0159\u00edjnu 2025 jsme za\u010dali s v\u00fdstavbou 4 m \u0161irok\u00e9 p\u0159\u00edjezdov\u00e9 cesty ke stavb\u011b, kter\u00e1 bude pro realizaci alt\u00e1nu nezbytn\u00e1. Bez t\u00e9to cesty nen\u00ed mo\u017en\u00e9 k m\u00edstu stavby dopravit pot\u0159ebn\u00e9 stroje a materi\u00e1l, proto\u017ee p\u0159\u00edstup po tr\u00e1v\u011b je pro techniku nerealizovateln\u00fd. Vybudov\u00e1n\u00ed p\u0159\u00edjezdu je tedy podm\u00ednkou samotn\u00e9 realizace stavby alt\u00e1nu. Z dlouhodob\u00e9ho hlediska v\u0161ak <strong>zpevn\u011bn\u00e1 cesta vedouc\u00ed pod\u00e9l lev\u00e9 st\u011bny kostela<\/strong> p\u0159inese dal\u0161\u00ed v\u00fdznamn\u00e9 p\u0159\u00ednosy \u2013 bude slou\u017eit jako chodn\u00edk a p\u0159\u00edstupov\u00fd p\u00e1s, kter\u00fd umo\u017en\u00ed bezbari\u00e9rov\u00fd a pohodln\u00fd vstup \u201esuchou nohou\u201c pro v\u0161echny generace, v\u010detn\u011b osob s\u00a0pohybov\u00fdm omezen\u00edm, lidem na voz\u00ed\u010dku, mamink\u00e1m s\u00a0ko\u010d\u00e1rky a podobn\u011b. Krom\u011b toho bude cesta pot\u0159ebn\u00e1 pro \u00fadr\u017ebu a provoz zahrady a usnadn\u00ed realizaci dal\u0161\u00edch \u010d\u00e1st\u00ed projektu \u010di p\u0159\u00edpadn\u00e9 \u00fapravy are\u00e1lu.<\/p>\n[\/vc_column_text][nectar_cascading_images image_1_offset_x_sign=&#8220;+&#8220; image_1_offset_x=&#8220;0%&#8220; image_1_offset_y_sign=&#8220;+&#8220; image_1_offset_y=&#8220;0%&#8220; image_1_rotate_sign=&#8220;+&#8220; image_1_rotate=&#8220;none&#8220; image_1_animation=&#8220;Fade In&#8220; image_1_box_shadow=&#8220;none&#8220; image_2_offset_x_sign=&#8220;+&#8220; image_2_offset_x=&#8220;0%&#8220; image_2_offset_y_sign=&#8220;+&#8220; image_2_offset_y=&#8220;0%&#8220; image_2_rotate_sign=&#8220;+&#8220; image_2_rotate=&#8220;none&#8220; image_2_animation=&#8220;Fade In&#8220; image_2_box_shadow=&#8220;none&#8220; image_3_offset_x_sign=&#8220;+&#8220; image_3_offset_x=&#8220;0%&#8220; image_3_offset_y_sign=&#8220;+&#8220; image_3_offset_y=&#8220;0%&#8220; image_3_rotate_sign=&#8220;+&#8220; image_3_rotate=&#8220;none&#8220; image_3_animation=&#8220;Fade In&#8220; image_3_box_shadow=&#8220;none&#8220; image_4_offset_x_sign=&#8220;+&#8220; image_4_offset_x=&#8220;0%&#8220; image_4_offset_y_sign=&#8220;+&#8220; image_4_offset_y=&#8220;0%&#8220; image_4_rotate_sign=&#8220;+&#8220; image_4_rotate=&#8220;none&#8220; image_4_animation=&#8220;Fade In&#8220; image_4_box_shadow=&#8220;none&#8220; border_radius=&#8220;none&#8220;][\/vc_column][\/vc_row][vc_row type=&#8220;in_container&#8220; full_screen_row_position=&#8220;middle&#8220; scene_position=&#8220;center&#8220; text_color=&#8220;dark&#8220; text_align=&#8220;left&#8220; overlay_strength=&#8220;0.3&#8243; shape_divider_position=&#8220;bottom&#8220; bg_image_animation=&#8220;none&#8220;][vc_column column_padding=&#8220;no-extra-padding&#8220; column_padding_position=&#8220;all&#8220; background_color_opacity=&#8220;1&#8243; background_hover_color_opacity=&#8220;1&#8243; column_link_target=&#8220;_self&#8220; column_shadow=&#8220;none&#8220; column_border_radius=&#8220;none&#8220; width=&#8220;1\/1&#8243; tablet_width_inherit=&#8220;default&#8220; tablet_text_alignment=&#8220;default&#8220; phone_text_alignment=&#8220;default&#8220; column_border_width=&#8220;none&#8220; column_border_style=&#8220;solid&#8220; bg_image_animation=&#8220;none&#8220;][nectar_animated_title heading_tag=&#8220;h2&#8243; style=&#8220;color-strip-reveal&#8220; color=&#8220;Extra-Color-3&#8243; text=&#8220;3. Finance&#8220;][vc_column_text]\n<p style=\"font-weight: 400;\">Na\u0161e finan\u010dn\u00ed strategie nen\u00ed zam\u011b\u0159ena na jeden tip zdroj\u016f, ale usilujeme o <strong>v\u00edcezdrojov\u00e9 financov\u00e1n\u00ed<\/strong>. P\u0159ipravujeme a pod\u00e1v\u00e1me grantov\u00e9 \u017e\u00e1dosti, abychom z\u00edskali finan\u010dn\u00ed prost\u0159edky od r\u016fzn\u00fdch organizac\u00ed, nadac\u00ed, st\u00e1tn\u00edch subjekt\u016f (obec, kraj \u2026.). Ka\u017edoro\u010dn\u011b p\u0159ipravujeme ve\u0159ejn\u00e9 sb\u00edrky (v\u00e1noce), do kter\u00fdch se mohou zapojit jednotlivci, ale i firmy. Ned\u00edlnou sou\u010d\u00e1st\u00ed finan\u010dn\u00ed podpory je c\u00edrkev SCEAV T\u011brlicko, kter\u00e1 nejen\u017ee poskytla zahradu ve\u0159ejnosti, organizuje brig\u00e1dy, rozvoj z\u00f3n, mobilizuje dobrovoln\u00edky, ale je i finan\u010dn\u011b zapojena.<\/p>\n<p style=\"font-weight: 400;\"><strong>DOBR\u00c1 ZPR\u00c1VA Z MORAVSKOSLEZSK\u00c9HO KRAJE<br \/>\n<\/strong>Vzhledem k del\u0161\u00edmu procesu p\u0159\u00edprav jsme byli nuceni po\u017e\u00e1dat <strong>Moravskoslezsk\u00fd kraj<\/strong> o prodlou\u017een\u00ed schv\u00e1len\u00e9 dotace (300\u00a0000,- K\u010d) na realizaci alt\u00e1nu z\u00a0podzimu 2025 na jaro 2026. Tato \u017e\u00e1dost byla <strong>SCHV\u00c1LENA.<\/strong><\/p>\n<p style=\"font-weight: 400;\"><strong>OBEC<br \/>\n<\/strong>Projekt p\u0159ipravujeme v \u00fazk\u00e9 spolupr\u00e1ci s m\u00edstn\u00ed komunitou a obc\u00ed T\u011brlicko, kter\u00e1 jej rovn\u011b\u017e podpo\u0159ila i finan\u010dn\u011b (500\u00a0000,- K\u010d) na v\u00fdstavbu alt\u00e1nu a tak\u00e9 je srozum\u011bna s nutnost\u00ed prodlou\u017een\u00ed term\u00ednu realizace.<\/p>\n<p style=\"font-weight: 400;\"><strong>VE\u0158EJN\u00c1 SB\u00cdRKA 12.2024<br \/>\n<\/strong>Na konci minul\u00e9ho roku jsme po\u0159\u00e1dali ve\u0159ejnou sb\u00edrku na alt\u00e1n s\u00a0motem <strong>\u201eZa\u010d\u00edn\u00e1me od podlahy\u201c. <\/strong>V\u00a0t\u00e9to sb\u00edrce ve\u0159ejnost, firmy darovaly C\u00edlovce na alt\u00e1n 291\u00a0000,-K\u010d. Jsme velmi vd\u011b\u010dni za neskute\u010dnou \u0161t\u011bdrost a z\u00e1jem ve\u0159ejnosti.<\/p>\n<p style=\"font-weight: 400;\">Nyn\u00ed <strong>m\u00e1me<\/strong> na alt\u00e1n <strong>1 091\u00a0000<\/strong>,- K\u010d. Celkov\u00e9 <strong>o\u010dek\u00e1van\u00e9 n\u00e1klady<\/strong> jsou <strong>1\u00a0600\u00a0000<\/strong>,- K\u010d. <strong>M\u00e1me chu\u0165, m\u00e1me pl\u00e1n a 2\/3 financ\u00ed, ale pot\u0159ebujeme i va\u0161i pomoc.<\/strong><\/p>\n[\/vc_column_text][nectar_cascading_images image_1_offset_x_sign=&#8220;+&#8220; image_1_offset_x=&#8220;0%&#8220; image_1_offset_y_sign=&#8220;+&#8220; image_1_offset_y=&#8220;0%&#8220; image_1_rotate_sign=&#8220;+&#8220; image_1_rotate=&#8220;none&#8220; image_1_animation=&#8220;Fade In&#8220; image_1_box_shadow=&#8220;none&#8220; image_2_offset_x_sign=&#8220;+&#8220; image_2_offset_x=&#8220;0%&#8220; image_2_offset_y_sign=&#8220;+&#8220; image_2_offset_y=&#8220;0%&#8220; image_2_rotate_sign=&#8220;+&#8220; image_2_rotate=&#8220;none&#8220; image_2_animation=&#8220;Fade In&#8220; image_2_box_shadow=&#8220;none&#8220; image_3_offset_x_sign=&#8220;+&#8220; image_3_offset_x=&#8220;0%&#8220; image_3_offset_y_sign=&#8220;+&#8220; image_3_offset_y=&#8220;0%&#8220; image_3_rotate_sign=&#8220;+&#8220; image_3_rotate=&#8220;none&#8220; image_3_animation=&#8220;Fade In&#8220; image_3_box_shadow=&#8220;none&#8220; image_4_offset_x_sign=&#8220;+&#8220; image_4_offset_x=&#8220;0%&#8220; image_4_offset_y_sign=&#8220;+&#8220; image_4_offset_y=&#8220;0%&#8220; image_4_rotate_sign=&#8220;+&#8220; image_4_rotate=&#8220;none&#8220; image_4_animation=&#8220;Fade In&#8220; image_4_box_shadow=&#8220;none&#8220; border_radius=&#8220;none&#8220;][\/vc_column][\/vc_row][vc_row type=&#8220;in_container&#8220; full_screen_row_position=&#8220;middle&#8220; scene_position=&#8220;center&#8220; text_color=&#8220;dark&#8220; text_align=&#8220;left&#8220; overlay_strength=&#8220;0.3&#8243; shape_divider_position=&#8220;bottom&#8220; bg_image_animation=&#8220;none&#8220;][vc_column column_padding=&#8220;no-extra-padding&#8220; column_padding_position=&#8220;all&#8220; background_color_opacity=&#8220;1&#8243; background_hover_color_opacity=&#8220;1&#8243; column_link_target=&#8220;_self&#8220; column_shadow=&#8220;none&#8220; column_border_radius=&#8220;none&#8220; width=&#8220;1\/1&#8243; tablet_width_inherit=&#8220;default&#8220; tablet_text_alignment=&#8220;default&#8220; phone_text_alignment=&#8220;default&#8220; column_border_width=&#8220;none&#8220; column_border_style=&#8220;solid&#8220; bg_image_animation=&#8220;none&#8220;][nectar_animated_title heading_tag=&#8220;h2&#8243; style=&#8220;color-strip-reveal&#8220; color=&#8220;Extra-Color-3&#8243; text=&#8220;4. Rok 2025 v obrazech&#8220;][vc_gallery type=&#8220;image_grid&#8220; images=&#8220;8086,8087,8088,8089,8090,8091&#8243; layout=&#8220;3&#8243; item_spacing=&#8220;default&#8220; gallery_style=&#8220;7&#8243; load_in_animation=&#8220;none&#8220;][\/vc_column][\/vc_row][vc_row type=&#8220;in_container&#8220; full_screen_row_position=&#8220;middle&#8220; scene_position=&#8220;center&#8220; text_color=&#8220;dark&#8220; text_align=&#8220;left&#8220; overlay_strength=&#8220;0.3&#8243; shape_divider_position=&#8220;bottom&#8220; bg_image_animation=&#8220;none&#8220;][vc_column column_padding=&#8220;no-extra-padding&#8220; column_padding_position=&#8220;all&#8220; background_color_opacity=&#8220;1&#8243; background_hover_color_opacity=&#8220;1&#8243; column_link_target=&#8220;_self&#8220; column_shadow=&#8220;none&#8220; column_border_radius=&#8220;none&#8220; width=&#8220;1\/1&#8243; tablet_width_inherit=&#8220;default&#8220; tablet_text_alignment=&#8220;default&#8220; phone_text_alignment=&#8220;default&#8220; column_border_width=&#8220;none&#8220; column_border_style=&#8220;solid&#8220; bg_image_animation=&#8220;none&#8220;][nectar_animated_title heading_tag=&#8220;h2&#8243; style=&#8220;color-strip-reveal&#8220; color=&#8220;Extra-Color-3&#8243; text=&#8220;5. Stav kampan\u011b&#8220;]<div class=\"img-with-aniamtion-wrap right\" data-max-width=\"100%\" data-border-radius=\"none\"><div class=\"inner\"><img data-shadow=\"none\" data-shadow-direction=\"middle\" class=\"img-with-animation skip-lazy \" data-delay=\"0\" height=\"400\" width=\"1240\"  data-animation=\"fade-in\" src=\"https:\/\/startcil.cz\/cs\/wp-content\/uploads\/2025\/12\/JAK-FINANCNE-PRISPET-14.jpg\" srcset=\"https:\/\/startcil.cz\/cs\/wp-content\/uploads\/2025\/12\/JAK-FINANCNE-PRISPET-14.jpg 1240w, https:\/\/startcil.cz\/cs\/wp-content\/uploads\/2025\/12\/JAK-FINANCNE-PRISPET-14-300x97.jpg 300w, https:\/\/startcil.cz\/cs\/wp-content\/uploads\/2025\/12\/JAK-FINANCNE-PRISPET-14-1024x330.jpg 1024w, https:\/\/startcil.cz\/cs\/wp-content\/uploads\/2025\/12\/JAK-FINANCNE-PRISPET-14-768x248.jpg 768w\" sizes=\"100vw\" alt=\"\" \/><\/div><\/div>[\/vc_column][\/vc_row][vc_row type=&#8220;in_container&#8220; full_screen_row_position=&#8220;middle&#8220; scene_position=&#8220;center&#8220; text_color=&#8220;dark&#8220; text_align=&#8220;left&#8220; overlay_strength=&#8220;0.3&#8243; shape_divider_position=&#8220;bottom&#8220; bg_image_animation=&#8220;none&#8220;][vc_column column_padding=&#8220;no-extra-padding&#8220; column_padding_position=&#8220;all&#8220; background_color_opacity=&#8220;1&#8243; background_hover_color_opacity=&#8220;1&#8243; column_link_target=&#8220;_self&#8220; column_shadow=&#8220;none&#8220; column_border_radius=&#8220;none&#8220; width=&#8220;1\/1&#8243; tablet_width_inherit=&#8220;default&#8220; tablet_text_alignment=&#8220;default&#8220; phone_text_alignment=&#8220;default&#8220; column_border_width=&#8220;none&#8220; column_border_style=&#8220;solid&#8220; bg_image_animation=&#8220;none&#8220;][vc_column_text]\n<h4><strong>Koordin\u00e1tor projektu: Michal Malina,\u00a0tel. +420\u00a0777\u00a0193\u00a0845<br \/>\nV\u00edce na<a href=\"https:\/\/startcil.cz\/cs\/cilovka\/\" target=\"_blank\" rel=\"noopener\"> zahradacilovka.cz\u00a0<\/a><\/strong><\/h4>\n[\/vc_column_text][\/vc_column][\/vc_row][vc_row type=&#8220;in_container&#8220; full_screen_row_position=&#8220;middle&#8220; scene_position=&#8220;center&#8220; text_color=&#8220;dark&#8220; text_align=&#8220;left&#8220; overlay_strength=&#8220;0.3&#8243; shape_divider_position=&#8220;bottom&#8220; bg_image_animation=&#8220;none&#8220;][vc_column column_padding=&#8220;no-extra-padding&#8220; column_padding_position=&#8220;all&#8220; background_color_opacity=&#8220;1&#8243; background_hover_color_opacity=&#8220;1&#8243; column_link_target=&#8220;_self&#8220; column_shadow=&#8220;none&#8220; column_border_radius=&#8220;none&#8220; width=&#8220;1\/1&#8243; tablet_width_inherit=&#8220;default&#8220; tablet_text_alignment=&#8220;default&#8220; phone_text_alignment=&#8220;default&#8220; column_border_width=&#8220;none&#8220; column_border_style=&#8220;solid&#8220; bg_image_animation=&#8220;none&#8220;][nectar_cascading_images image_1_offset_x_sign=&#8220;+&#8220; image_1_offset_x=&#8220;0%&#8220; image_1_offset_y_sign=&#8220;+&#8220; image_1_offset_y=&#8220;0%&#8220; image_1_rotate_sign=&#8220;+&#8220; image_1_rotate=&#8220;none&#8220; image_1_animation=&#8220;Fade In&#8220; image_1_box_shadow=&#8220;none&#8220; image_2_offset_x_sign=&#8220;+&#8220; image_2_offset_x=&#8220;0%&#8220; image_2_offset_y_sign=&#8220;+&#8220; image_2_offset_y=&#8220;0%&#8220; image_2_rotate_sign=&#8220;+&#8220; image_2_rotate=&#8220;none&#8220; image_2_animation=&#8220;Fade In&#8220; image_2_box_shadow=&#8220;none&#8220; image_3_offset_x_sign=&#8220;+&#8220; image_3_offset_x=&#8220;0%&#8220; image_3_offset_y_sign=&#8220;+&#8220; image_3_offset_y=&#8220;0%&#8220; image_3_rotate_sign=&#8220;+&#8220; image_3_rotate=&#8220;none&#8220; image_3_animation=&#8220;Fade In&#8220; image_3_box_shadow=&#8220;none&#8220; image_4_offset_x_sign=&#8220;+&#8220; image_4_offset_x=&#8220;0%&#8220; image_4_offset_y_sign=&#8220;+&#8220; image_4_offset_y=&#8220;0%&#8220; image_4_rotate_sign=&#8220;+&#8220; image_4_rotate=&#8220;none&#8220; image_4_animation=&#8220;Fade In&#8220; image_4_box_shadow=&#8220;none&#8220; border_radius=&#8220;none&#8220;][\/vc_column][\/vc_row]\n","protected":false},"excerpt":{"rendered":"<p>[vc_row type=&#8220;full_width_content&#8220; full_screen_row_position=&#8220;middle&#8220; scene_position=&#8220;center&#8220; text_color=&#8220;dark&#8220; text_align=&#8220;left&#8220; overlay_strength=&#8220;0.3&#8243; shape_divider_position=&#8220;bottom&#8220; bg_image_animation=&#8220;none&#8220; shape_type=&#8220;&#8220;][vc_column column_padding=&#8220;no-extra-padding&#8220; column_padding_position=&#8220;all&#8220; background_color_opacity=&#8220;1&#8243; background_hover_color_opacity=&#8220;1&#8243; column_link_target=&#8220;_self&#8220;&#8230;<\/p>\n","protected":false},"author":2,"featured_media":0,"parent":0,"menu_order":0,"comment_status":"closed","ping_status":"closed","template":"","meta":[],"_links":{"self":[{"href":"https:\/\/startcil.cz\/cs\/wp-json\/wp\/v2\/pages\/7732"}],"collection":[{"href":"https:\/\/startcil.cz\/cs\/wp-json\/wp\/v2\/pages"}],"about":[{"href":"https:\/\/startcil.cz\/cs\/wp-json\/wp\/v2\/types\/page"}],"author":[{"embeddable":true,"href":"https:\/\/startcil.cz\/cs\/wp-json\/wp\/v2\/users\/2"}],"replies":[{"embeddable":true,"href":"https:\/\/startcil.cz\/cs\/wp-json\/wp\/v2\/comments?post=7732"}],"version-history":[{"count":104,"href":"https:\/\/startcil.cz\/cs\/wp-json\/wp\/v2\/pages\/7732\/revisions"}],"predecessor-version":[{"id":8155,"href":"https:\/\/startcil.cz\/cs\/wp-json\/wp\/v2\/pages\/7732\/revisions\/8155"}],"wp:attachment":[{"href":"https:\/\/startcil.cz\/cs\/wp-json\/wp\/v2\/media?parent=7732"}],"curies":[{"name":"wp","href":"https:\/\/api.w.org\/{rel}","templated":true}]}}