{"id":7346,"date":"2024-04-22T16:24:46","date_gmt":"2024-04-22T16:24:46","guid":{"rendered":"http:\/\/startcil.cz\/cs\/?page_id=7346"},"modified":"2026-03-18T14:37:57","modified_gmt":"2026-03-18T14:37:57","slug":"outdoor","status":"publish","type":"page","link":"https:\/\/startcil.cz\/cs\/outdoor\/","title":{"rendered":"Outdoor"},"content":{"rendered":"[vc_row type=&#8220;full_width_background&#8220; full_screen_row_position=&#8220;middle&#8220; equal_height=&#8220;yes&#8220; content_placement=&#8220;middle&#8220; bg_image=&#8220;7428&#8243; bg_position=&#8220;center bottom&#8220; bg_repeat=&#8220;repeat&#8220; bg_color=&#8220;#000000&#8243; scene_position=&#8220;center&#8220; text_color=&#8220;light&#8220; text_align=&#8220;left&#8220; top_padding=&#8220;15%&#8220; bottom_padding=&#8220;15%&#8220; color_overlay=&#8220;rgba(10,10,10,0.37)&#8220; overlay_strength=&#8220;0.3&#8243; shape_divider_position=&#8220;bottom&#8220; bg_image_animation=&#8220;zoom-out-slow&#8220; parallax_bg=&#8220;true&#8220; parallax_bg_speed=&#8220;fast&#8220; shape_type=&#8220;&#8220;][vc_column column_padding=&#8220;no-extra-padding&#8220; column_padding_position=&#8220;all&#8220; background_color_opacity=&#8220;1&#8243; background_hover_color_opacity=&#8220;1&#8243; column_link_target=&#8220;_self&#8220; column_shadow=&#8220;none&#8220; column_border_radius=&#8220;none&#8220; width=&#8220;1\/1&#8243; tablet_width_inherit=&#8220;default&#8220; tablet_text_alignment=&#8220;default&#8220; phone_text_alignment=&#8220;default&#8220; column_border_width=&#8220;none&#8220; column_border_style=&#8220;solid&#8220; bg_image_animation=&#8220;none&#8220;][vc_row_inner column_margin=&#8220;default&#8220; text_align=&#8220;left&#8220;][vc_column_inner column_padding=&#8220;no-extra-padding&#8220; column_padding_position=&#8220;all&#8220; background_color_opacity=&#8220;1&#8243; background_hover_color_opacity=&#8220;1&#8243; column_shadow=&#8220;none&#8220; column_border_radius=&#8220;none&#8220; column_link_target=&#8220;_self&#8220; width=&#8220;1\/6&#8243; tablet_width_inherit=&#8220;default&#8220; column_border_width=&#8220;none&#8220; column_border_style=&#8220;solid&#8220; bg_image_animation=&#8220;none&#8220;][\/vc_column_inner][vc_column_inner column_padding=&#8220;padding-2-percent&#8220; column_padding_position=&#8220;left-right&#8220; centered_text=&#8220;true&#8220; background_color_opacity=&#8220;1&#8243; background_hover_color_opacity=&#8220;1&#8243; column_shadow=&#8220;none&#8220; column_border_radius=&#8220;none&#8220; column_link_target=&#8220;_self&#8220; width=&#8220;2\/3&#8243; tablet_width_inherit=&#8220;default&#8220; column_border_width=&#8220;none&#8220; column_border_style=&#8220;solid&#8220; bg_image_animation=&#8220;none&#8220;][vc_custom_heading text=&#8220;OUTDOOR TEAM&#8220; font_container=&#8220;tag:h2|font_size:70|text_align:center|line_height:52px&#8220; use_theme_fonts=&#8220;yes&#8220; css_animation=&#8220;fadeInUp&#8220;]<div class=\"divider-wrap\" data-alignment=\"default\"><div style=\"height: 10px;\" class=\"divider\"><\/div><\/div>[vc_custom_heading text=&#8220;&#8220; font_container=&#8220;tag:p|text_align:center|color:rgba(255%2C255%2C255%2C0.7)&#8220; use_theme_fonts=&#8220;yes&#8220; css_animation=&#8220;fadeInUp&#8220; css=&#8220;.vc_custom_1714666461355{margin-top: 10px !important;margin-bottom: 10px !important;}&#8220;]<div class=\"divider-wrap\" data-alignment=\"default\"><div style=\"margin-top: 12px; height: 1px; margin-bottom: 12px;\" data-width=\"100%\" data-animate=\"\" data-animation-delay=\"\" data-color=\"default\" class=\"divider-border\"><\/div><\/div>[vc_column_text css_animation=&#8220;fadeInDown&#8220;][\/vc_column_text]<div class=\"divider-wrap\" data-alignment=\"default\"><div style=\"height: 50px;\" class=\"divider\"><\/div><\/div>[nectar_highlighted_text highlight_color=&#8220;#ffffff&#8220; style=&#8220;full_text&#8220;]\n<h4><strong>KONTAKT<\/strong><\/h4>\n[\/nectar_highlighted_text][nectar_icon icon_family=&#8220;fontawesome&#8220; icon_style=&#8220;default&#8220; icon_color=&#8220;Accent-Color&#8220; icon_padding=&#8220;0px&#8220; icon_fontawesome=&#8220;fa fa-arrow-down&#8220;][vc_custom_heading text=&#8220;outdoor@startcil.cz&#8220; font_container=&#8220;tag:h4|font_size:30|text_align:center|color:%23000000&#8243; google_fonts=&#8220;font_family:Actor%3Aregular|font_style:400%20regular%3A400%3Anormal&#8220; css_animation=&#8220;slideInDown&#8220; css=&#8220;.vc_custom_1739297228686{background: rgba(255,255,255,0.27) url(http:\/\/startcil.cz\/cs\/wp-content\/uploads\/2024\/05\/white.jpg?id=7473) !important;*background-color: rgb(255,255,255) !important;border-radius: 5px !important;}&#8220; link=&#8220;url:mailto%3Aoutdoor%40startcil.cz|||&#8220;]<div class=\"divider-wrap\" data-alignment=\"default\"><div style=\"height: 100px;\" class=\"divider\"><\/div><\/div>[vc_column_text css_animation=&#8220;fadeInDown&#8220;][\/vc_column_text][nectar_btn size=&#8220;jumbo&#8220; button_style=&#8220;regular&#8220; button_color_2=&#8220;Accent-Color&#8220; color_override=&#8220;#ffffff&#8220; solid_text_color_override=&#8220;#000000&#8243; icon_family=&#8220;none&#8220; text=&#8220;PROB\u011aHL\u00c9 AKCE&#8220; url=&#8220;#probehleakce&#8220;]<div class=\"divider-wrap\" data-alignment=\"default\"><div style=\"height: 10px;\" class=\"divider\"><\/div><\/div>[nectar_btn size=&#8220;jumbo&#8220; open_new_tab=&#8220;true&#8220; button_style=&#8220;regular&#8220; button_color_2=&#8220;Accent-Color&#8220; color_override=&#8220;#ffffff&#8220; solid_text_color_override=&#8220;#000000&#8243; icon_family=&#8220;none&#8220; text=&#8220;FOTKY&#8220; url=&#8220;https:\/\/eu.zonerama.com\/Link\/Open\/68e56fcaaa7821464ccea076&#8243; css_animation=&#8220;none&#8220;][\/vc_column_inner][vc_column_inner column_padding=&#8220;no-extra-padding&#8220; column_padding_position=&#8220;all&#8220; background_color_opacity=&#8220;1&#8243; background_hover_color_opacity=&#8220;1&#8243; column_shadow=&#8220;none&#8220; column_border_radius=&#8220;none&#8220; column_link_target=&#8220;_self&#8220; width=&#8220;1\/6&#8243; tablet_width_inherit=&#8220;default&#8220; column_border_width=&#8220;none&#8220; column_border_style=&#8220;solid&#8220; bg_image_animation=&#8220;none&#8220;][\/vc_column_inner][\/vc_row_inner][\/vc_column][\/vc_row][vc_row type=&#8220;in_container&#8220; full_screen_row_position=&#8220;middle&#8220; scene_position=&#8220;center&#8220; text_color=&#8220;dark&#8220; text_align=&#8220;left&#8220; overlay_strength=&#8220;0.3&#8243; shape_divider_position=&#8220;bottom&#8220; bg_image_animation=&#8220;none&#8220; shape_type=&#8220;&#8220;][vc_column column_padding=&#8220;no-extra-padding&#8220; column_padding_position=&#8220;all&#8220; background_color_opacity=&#8220;1&#8243; background_hover_color_opacity=&#8220;1&#8243; column_link_target=&#8220;_self&#8220; column_shadow=&#8220;none&#8220; column_border_radius=&#8220;none&#8220; width=&#8220;1\/1&#8243; tablet_width_inherit=&#8220;default&#8220; tablet_text_alignment=&#8220;default&#8220; phone_text_alignment=&#8220;default&#8220; column_border_width=&#8220;none&#8220; column_border_style=&#8220;solid&#8220; bg_image_animation=&#8220;none&#8220;][vc_custom_heading text=&#8220;CO SE PL\u00c1NUJE V ROCE 2026?&#8220; font_container=&#8220;tag:h1|text_align:center&#8220; google_fonts=&#8220;font_family:Abel%3Aregular|font_style:400%20regular%3A400%3Anormal&#8220; css_animation=&#8220;fadeInDown&#8220; css=&#8220;.vc_custom_1771102543227{background-color: #f4c238 !important;}&#8220;]<div class=\"divider-wrap\" data-alignment=\"default\"><div style=\"margin-top: 12px; height: 3px; margin-bottom: 12px;\" data-width=\"100%\" data-animate=\"yes\" data-animation-delay=\"\" data-color=\"extra-color-3\" class=\"divider-border\"><\/div><\/div>[vc_custom_heading text=&#8220;Seznam pl\u00e1novan\u00fdch akc\u00ed n\u00ed\u017ee (term\u00edny se mohou zm\u011bnit)&#8220; font_container=&#8220;tag:p|text_align:center&#8220; google_fonts=&#8220;font_family:Lora%3Aregular%2Citalic%2C700%2C700italic|font_style:400%20regular%3A400%3Anormal&#8220;]<div class=\"divider-wrap\" data-alignment=\"default\"><div style=\"height: 20px;\" class=\"divider\"><\/div><\/div>[\/vc_column][\/vc_row][vc_row type=&#8220;in_container&#8220; full_screen_row_position=&#8220;middle&#8220; bg_color=&#8220;#ffffff&#8220; scene_position=&#8220;center&#8220; text_color=&#8220;dark&#8220; text_align=&#8220;left&#8220; color_overlay=&#8220;#ffffff&#8220; overlay_strength=&#8220;0.3&#8243; shape_divider_position=&#8220;bottom&#8220; bg_image_animation=&#8220;none&#8220; parallax_bg=&#8220;true&#8220; parallax_bg_speed=&#8220;medium&#8220; shape_type=&#8220;mountains&#8220;][vc_column column_padding=&#8220;no-extra-padding&#8220; column_padding_position=&#8220;all&#8220; background_color_opacity=&#8220;1&#8243; background_hover_color_opacity=&#8220;1&#8243; column_link_target=&#8220;_self&#8220; column_shadow=&#8220;none&#8220; column_border_radius=&#8220;none&#8220; width=&#8220;1\/1&#8243; tablet_width_inherit=&#8220;default&#8220; tablet_text_alignment=&#8220;default&#8220; phone_text_alignment=&#8220;default&#8220; column_border_width=&#8220;none&#8220; column_border_style=&#8220;solid&#8220; bg_image_animation=&#8220;none&#8220;][vc_custom_heading text=&#8220;28. 3. 2026&#8243; font_container=&#8220;tag:h2|text_align:center&#8220; google_fonts=&#8220;font_family:Abel%3Aregular|font_style:400%20regular%3A400%3Anormal&#8220; css_animation=&#8220;fadeInDown&#8220;][vc_column_text]\n<p style=\"font-weight: 400;\"><b>Horsk\u00e1 t\u00fara bez lanovky vhodn\u00e1 pro zdatn\u011bj\u0161\u00ed turisty, s vyu\u017eit\u00edm lanovky<\/b><\/p>\n<p style=\"font-weight: 400;\"><a href=\"https:\/\/vratna.sk\/activity\/kabinkova-lanovka-chleb\/\"><b>https:\/\/vratna.sk\/activity\/kabinkova-lanovka-chleb\/<\/b><\/a><\/p>\n<p style=\"font-weight: 400;\"><b>\u00a0je vhodn\u00e1 i pro m\u00e9n\u011b zdatn\u00e9 turisty ( d\u011bti)<\/b><\/p>\n<ul>\n<li>D\u00e9lka trasy je bez lanovky cca 12 kilometr\u016f, s lanovkou 4 \u2013 6 km viz foto mapky. P\u0159ev\u00fd\u0161en\u00ed nahoru 750 \u2013 900 m. N\u00e1ro\u010dnost z\u00e1le\u017e\u00ed i dle sn\u011bhov\u00fdch podm\u00ednek.<\/li>\n<li>Na chat\u011b je mo\u017enost d\u00e1t si ob\u010derstven\u00ed, viz. <a href=\"https:\/\/chatapodborisovom.eu\/\">https:\/\/chatapodchlebom.sk\/<\/a><\/li>\n<li>Ka\u017ed\u00fd m\u00e1 m\u00edt s sebou nesmeky a vybaven\u00ed na zimn\u00ed turistiku (vhodn\u00e1 obuv a oble\u010den\u00ed)<\/li>\n<li>Odjezd 28.3.2026 v 6:30 od kostela SCEAV T\u011brlicko (cca 1,5hodiny \u2013 110km)<\/li>\n<li>Cena: 250kc<\/li>\n<li>P\u0159ihl\u00e1\u0161en\u00ed do 22.3.2026 do p\u0159ihla\u0161ovac\u00edho formul\u00e1\u0159e n\u00ed\u017ee<\/li>\n<\/ul>\n<h4><strong><a href=\"https:\/\/docs.google.com\/forms\/d\/1g5EpEeL_r7xW_rYwv1RLW5PJtbLhZgSAXeIlBNSK2KY\/\">P\u0159ihla\u0161ovac\u00ed formul\u00e1\u0159<\/a><\/strong><\/h4>\n<p style=\"font-weight: 400;\">P\u0159\u00edpadn\u00e9 dal\u0161\u00ed informace nebo dotazy na email <a href=\"mailto:outdoor@startcil.cz\">outdoor@startcil.cz<\/a> , tel. 603427750 ( jen SMS)<\/p>\n<p>&nbsp;<\/p>\n<p><img loading=\"lazy\" class=\"alignnone size-large wp-image-8157\" src=\"http:\/\/startcil.cz\/cs\/wp-content\/uploads\/2026\/02\/mapy-trasa-Chata-od-Chlebom-Vratna-1024x461.png\" alt=\"\" width=\"1024\" height=\"461\" srcset=\"https:\/\/startcil.cz\/cs\/wp-content\/uploads\/2026\/02\/mapy-trasa-Chata-od-Chlebom-Vratna-1024x461.png 1024w, https:\/\/startcil.cz\/cs\/wp-content\/uploads\/2026\/02\/mapy-trasa-Chata-od-Chlebom-Vratna-300x135.png 300w, https:\/\/startcil.cz\/cs\/wp-content\/uploads\/2026\/02\/mapy-trasa-Chata-od-Chlebom-Vratna-768x346.png 768w, https:\/\/startcil.cz\/cs\/wp-content\/uploads\/2026\/02\/mapy-trasa-Chata-od-Chlebom-Vratna.png 1366w\" sizes=\"(max-width: 1024px) 100vw, 1024px\" \/><\/p>\n<p><img loading=\"lazy\" class=\"alignnone size-large wp-image-8158\" src=\"http:\/\/startcil.cz\/cs\/wp-content\/uploads\/2026\/02\/mapy-Trasa-Vratna-Velky-Fatransky-Krivan-Chata-pod-Chlebom-1024x461.png\" alt=\"\" width=\"1024\" height=\"461\" srcset=\"https:\/\/startcil.cz\/cs\/wp-content\/uploads\/2026\/02\/mapy-Trasa-Vratna-Velky-Fatransky-Krivan-Chata-pod-Chlebom-1024x461.png 1024w, https:\/\/startcil.cz\/cs\/wp-content\/uploads\/2026\/02\/mapy-Trasa-Vratna-Velky-Fatransky-Krivan-Chata-pod-Chlebom-300x135.png 300w, https:\/\/startcil.cz\/cs\/wp-content\/uploads\/2026\/02\/mapy-Trasa-Vratna-Velky-Fatransky-Krivan-Chata-pod-Chlebom-768x346.png 768w, https:\/\/startcil.cz\/cs\/wp-content\/uploads\/2026\/02\/mapy-Trasa-Vratna-Velky-Fatransky-Krivan-Chata-pod-Chlebom.png 1366w\" sizes=\"(max-width: 1024px) 100vw, 1024px\" \/>[\/vc_column_text]<div class=\"divider-wrap\" data-alignment=\"default\"><div style=\"height: 35px;\" class=\"divider\"><\/div><\/div>[vc_custom_heading text=&#8220;7 &#8211; 10.5.2026&#8243; font_container=&#8220;tag:h2|text_align:center&#8220; google_fonts=&#8220;font_family:Abel%3Aregular|font_style:400%20regular%3A400%3Anormal&#8220; css_animation=&#8220;fadeInDown&#8220;][vc_text_separator title=&#8220;Ferraty turistika ( D\u011b\u010d\u00edn a okol\u00ed, \u010cesko Sask\u00e9 \u0160v\u00fdcarsko)&#8220;]<div class=\"divider-wrap\" data-alignment=\"default\"><div style=\"height: 35px;\" class=\"divider\"><\/div><\/div>[vc_custom_heading text=&#8220;12 &#8211; 13.9.2026&#8243; font_container=&#8220;tag:h2|text_align:center&#8220; google_fonts=&#8220;font_family:Abel%3Aregular|font_style:400%20regular%3A400%3Anormal&#8220; css_animation=&#8220;fadeInDown&#8220;][vc_text_separator title=&#8220;Sjezd \u0159eky (Salza Rakousko, odjezd u\u017e 11.9. kolem 15.00h)&#8220;][\/vc_column][vc_column column_padding=&#8220;no-extra-padding&#8220; column_padding_position=&#8220;all&#8220; background_color_opacity=&#8220;1&#8243; background_hover_color_opacity=&#8220;1&#8243; column_link_target=&#8220;_self&#8220; column_shadow=&#8220;none&#8220; column_border_radius=&#8220;none&#8220; width=&#8220;1\/1&#8243; tablet_width_inherit=&#8220;default&#8220; tablet_text_alignment=&#8220;default&#8220; phone_text_alignment=&#8220;default&#8220; column_border_width=&#8220;none&#8220; column_border_style=&#8220;solid&#8220; bg_image_animation=&#8220;none&#8220;]<div class=\"divider-wrap\" data-alignment=\"default\"><div style=\"height: 80px;\" class=\"divider\"><\/div><\/div>[vc_custom_heading text=&#8220;ARCHIV AKC\u00cd&#8220; font_container=&#8220;tag:h1|text_align:center&#8220; google_fonts=&#8220;font_family:Abel%3Aregular|font_style:400%20regular%3A400%3Anormal&#8220; css=&#8220;.vc_custom_1743873190718{background-color: #f4c238 !important;}&#8220; el_id=&#8220;probehleakce&#8220;][tabbed_section style=&#8220;default&#8220; alignment=&#8220;center&#8220; spacing=&#8220;default&#8220; tab_color=&#8220;Accent-Color&#8220;][tab icon_family=&#8220;none&#8220; title=&#8220;2025&#8243; id=&#8220;1772307397907-6&#8243; tab_id=&#8220;1772307397908-5&#8243;][vc_custom_heading text=&#8220;8.3&#8243; font_container=&#8220;tag:h2|text_align:center&#8220; google_fonts=&#8220;font_family:Abel%3Aregular|font_style:400%20regular%3A400%3Anormal&#8220; css_animation=&#8220;fadeInDown&#8220;][vc_text_separator title=&#8220;\u201eChata pod Bori\u0161ovom\u201c \u2013 Velk\u00e1 Fatra (b\u0159ezen, mo\u017enost se sn\u011b\u017enicemi)&#8220; color=&#8220;sky&#8220;]<div class=\"divider-wrap\" data-alignment=\"default\"><div style=\"height: 20px;\" class=\"divider\"><\/div><\/div>[vc_column_text]<strong>Horsk\u00e1 t\u00fara vhodn\u00e1 pro zdatn\u011bj\u0161\u00ed turisty, c\u00edlem je horsk\u00e1 chata Pod Bori\u0161ovom. <\/strong><\/p>\n<ul>\n<li>D\u00e9lka trasy je cca 17 kilometr\u016f. Tam 10km, zp\u00e1tky 6,7km, viz foto mapky. P\u0159ev\u00fd\u0161en\u00ed nahoru 648m. N\u00e1ro\u010dnost z\u00e1le\u017e\u00ed i dle sn\u011bhov\u00fdch podm\u00ednek.<\/li>\n<li>Na chat\u011b je mo\u017enost d\u00e1t si ob\u010derstven\u00ed, viz. <a href=\"https:\/\/chatapodborisovom.eu\/\" target=\"_blank\" rel=\"noopener\">https:\/\/chatapodborisovom.eu\/<\/a><\/li>\n<li>K dispozici bude 16 p\u00e1r\u016f sn\u011b\u017enic. Doporu\u010duji m\u00edt s sebou nesmeky a vybaven\u00ed na zimn\u00ed turistiku (vhodn\u00e1 obuv a oble\u010den\u00ed)<\/li>\n<li>Odjezd 8.3.2025 v 5:00 od kostela SCEAV T\u011brlicko (cca 2,5hodiny &#8211; 170km)<\/li>\n<li>Cena: 300kc<\/li>\n<li>P\u0159ihl\u00e1\u0161en\u00ed do 2.3.2025 do p\u0159ihla\u0161ovac\u00edho formul\u00e1\u0159e<\/li>\n<\/ul>\n[\/vc_column_text][vc_custom_heading text=&#8220;TRASA TAM&#8220; font_container=&#8220;tag:h2|font_size:30|text_align:center&#8220; google_fonts=&#8220;font_family:Voces%3Aregular|font_style:400%20regular%3A400%3Anormal&#8220;][vc_raw_html]JTNDY2VudGVyJTNFJTNDaWZyYW1lJTIwc3R5bGUlM0QlMjJib3JkZXIlM0Fub25lJTIyJTIwc3JjJTNEJTIyaHR0cHMlM0ElMkYlMkZmcmFtZS5tYXB5LmN6JTJGcyUyRmd1cnVnYW5hZ2ElMjIlMjB3aWR0aCUzRCUyMjgwMCUyMiUyMGhlaWdodCUzRCUyMjI4MCUyMiUyMGZyYW1lYm9yZGVyJTNEJTIyMCUyMiUzRSUzQyUyRmlmcmFtZSUzRSUzQyUyRmNlbnRlciUzRQ==[\/vc_raw_html]<div class=\"divider-wrap\" data-alignment=\"default\"><div style=\"height: 20px;\" class=\"divider\"><\/div><\/div>[vc_custom_heading text=&#8220;TRASA ZP\u011aT&#8220; font_container=&#8220;tag:h2|font_size:30|text_align:center&#8220; google_fonts=&#8220;font_family:Voces%3Aregular|font_style:400%20regular%3A400%3Anormal&#8220;][vc_raw_html]JTNDY2VudGVyJTNFJTNDaWZyYW1lJTIwc3R5bGUlM0QlMjJib3JkZXIlM0Fub25lJTIyJTIwc3JjJTNEJTIyaHR0cHMlM0ElMkYlMkZmcmFtZS5tYXB5LmN6JTJGcyUyRnJlZHVmdWplam8lMjIlMjB3aWR0aCUzRCUyMjgwMCUyMiUyMGhlaWdodCUzRCUyMjI4MCUyMiUyMGZyYW1lYm9yZGVyJTNEJTIyMCUyMiUzRSUzQyUyRmlmcmFtZSUzRSUzQyUyRmNlbnRlciUzRQ==[\/vc_raw_html]<div class=\"divider-wrap\" data-alignment=\"default\"><div style=\"height: 120px;\" class=\"divider\"><\/div><\/div><div class=\"divider-wrap\" data-alignment=\"center\"><div style=\"margin-top: 30px; width: 1250px; height: 2px; margin-bottom: 30px;\" data-width=\"1250\" data-animate=\"\" data-animation-delay=\"\" data-color=\"extra-color-2\" class=\"divider-small-border\"><\/div><\/div>[vc_custom_heading text=&#8220;8\u201311.5&#8243; font_container=&#8220;tag:h2|text_align:center&#8220; google_fonts=&#8220;font_family:Abel%3Aregular|font_style:400%20regular%3A400%3Anormal&#8220; css_animation=&#8220;fadeInDown&#8220;][vc_text_separator title=&#8220;Turistika a Via Ferrata SLOVENSK\u00dd R\u00c1J \/ VYSOK\u00c9 TATRY&#8220;][\/tab][\/tabbed_section][vc_column_text]\n<p class=\"Textbody\"><b>Program:<\/b><\/p>\n<p><strong>8.5\u00a0 \u00a0 \u00a0 \u00a0 =&gt;<\/strong> v 6:00 odjezd od kostela SCEAV T\u011brlicko (cestou zast\u00e1vka na k\u00e1vu:-) do Slovensk\u00e9ho R\u00e1je &#8211; turistick\u00e1 trasa , k ve\u010deru ubytov\u00e1n\u00ed Velk\u00fd Slavkov, ve\u010de\u0159e,<br \/>\nve\u010dern\u00ed program\u2026.<\/p>\n<p><strong>9-10.5 =&gt;<\/strong> podle z\u00e1jmu a mo\u017enost\u00ed turistika nebo ferrata\u00a0 ( Vysok\u00e9 Tatry)<\/p>\n<p><strong>11.5\u00a0 \u00a0 \u00a0=&gt; <\/strong>r\u00e1no bohoslu\u017eba, men\u0161\u00ed proch\u00e1zka a odjezd dom\u016f (p\u0159\u00edjezd ve ve\u010dern\u00edch hodin\u00e1ch). Zm\u011bna programu vyhrazena s ohledem na po\u010das\u00ed.<\/p>\n<p>&nbsp;<\/p>\n<p><strong>Maxim\u00e1ln\u00ed po\u010det \u00fa\u010dastn\u00edk\u016f 30 osob.<\/strong><\/p>\n<p><strong><u>Turistika<\/u><\/strong> vhodn\u00e1 pro v\u0161echny v\u011bkov\u00e9 kategorie, r\u016fzn\u00fdch sportovn\u00edch dovednost\u00ed. Trasy budou rozd\u011bleny podle zdatnosti \u00fa\u010dastn\u00edk\u016f. V r\u00e1mci pobytu je mo\u017enost vyzkou\u0161et Via Ferratu po zaji\u0161t\u011bn\u00fdch cest\u00e1ch. <a href=\"http:\/\/naferraty.sk\/tatranska_kotlina.html\" target=\"_blank\" rel=\"noopener\">naferraty.sk &#8211; Najlacnej\u0161ia po\u017ei\u010dovna ferratov\u00fdch setov na Slovensku.<\/a> Vybaven\u00ed na Via Ferratu bude k dispozici k zap\u016fj\u010den\u00ed (16 kus\u016f).<\/p>\n<p><strong><u>Ubytov\u00e1n\u00ed<\/u> <\/strong>je v obci Velk\u00fd Slavkov <a href=\"https:\/\/memc.sk\/ponuka-sluzieb\/#ubytovanie\" target=\"_blank\" rel=\"noopener\">Ponuka slu\u017eieb &#8211; MEMC Ichthys<\/a>. Z d\u016fvodu kapacity budou pokoje rozd\u011bleny na Mu\u017ee\/\u017deny (pokoje po 3 a\u017e 8 l\u016f\u017ek\u00e1ch). P\u0159\u00edmo v objektu je zaji\u0161t\u011bn\u00e1 tak\u00e9 polopenze. Sou\u010d\u00e1st\u00ed je tak\u00e9 spole\u010densk\u00e1 m\u00edstnost, kde bude ve\u010dern\u00ed program (hry, film\u2026) Venku je h\u0159i\u0161t\u011b na fotbal, volejbal a d\u011btsk\u00e9 h\u0159i\u0161t\u011b. Soci\u00e1ln\u00ed za\u0159\u00edzen\u00ed je na chodb\u011b, zvl\u00e1\u0161\u0165 pro mu\u017ee, zvl\u00e1\u0161\u0165 pro \u017eeny.<\/p>\n<p><strong><u>S sebou<\/u>:<\/strong> oble\u010den\u00ed a obuv vhodn\u00e1 na turistiku, do ka\u017ed\u00e9ho po\u010das\u00ed!!! P\u0159ez\u016fvky\/pantofle, ru\u010dn\u00edk! Lo\u017eniny budou poskytnuty ubytovac\u00edm za\u0159\u00edzen\u00edm. Podle vlastn\u00edch pot\u0159eb je t\u0159eba zajistit j\u00eddlo a pit\u00ed na hory &#8211; sn\u00eddan\u011b a tepl\u00e1 ve\u010de\u0159e je zaji\u0161t\u011bna, zbytek si ka\u017ed\u00fd zajist\u00ed s\u00e1m. Opalovac\u00ed kr\u00e9m, slune\u010dn\u00ed br\u00fdle, sportovn\u00ed oble\u010den\u00ed a obuv na h\u0159i\u0161t\u011b nebo voln\u00fd \u010das.<\/p>\n<p><strong><u>Cena<\/u> :<\/strong> <strong>29,20 Euro \/osoba\/noc + polopenze (celkem 87,60 Euro\/osobu budeme platit na m\u00edst\u011b v eurech, kter\u00e9 si mus\u00ed opat\u0159it ka\u017ed\u00fd s\u00e1m)\u00a0 + 400 K\u010d doprava bude se pos\u00edlat na \u00fa\u010det<\/strong>. Ostatn\u00ed v\u00fddaje si hrad\u00ed ka\u017ed\u00fd s\u00e1m (vstupy do jeskyn\u011b, lanovka apod.- nen\u00ed nutn\u00e9, pouze dobrovoln\u00e9 a jako jedna z variant). Je nutn\u00e9 m\u00edt p\u0159ipoji\u0161t\u011bn\u00ed do zahrani\u010d\u00ed &#8211; turistika.<\/p>\n<p><strong>P\u0159ihla\u0161ov\u00e1n\u00ed do 27.4.2025<\/strong><\/p>\n<p style=\"text-align: center;\"><span class='mb-center maxbutton-1-center'><span class='maxbutton-1-container mb-container'><a class=\"maxbutton-1 maxbutton maxbutton-hlasovani\" target=\"_blank\" rel=\"noopener\" href=\"https:\/\/docs.google.com\/forms\/d\/1PHMyqW5SjFa00AUdVQuSwmq9wCKPfEp7huVqTS94p5Q\/viewform?pli=1&#038;pli=1&#038;edit_requested=true\"><span class='mb-text'>P\u0159ihl\u00e1\u0161en\u00ed<\/span><\/a><\/span><\/span>\n<p style=\"text-align: center;\">P\u0159\u00edpadn\u00e9 dal\u0161\u00ed informace nebo dotazy na email <a href=\"mailto:outdoor@startcil.cz\">outdoor@startcil.cz<\/a><\/p>\n[\/vc_column_text]<div class=\"divider-wrap\" data-alignment=\"center\"><div style=\"margin-top: 30px; width: 20%px; height: 2px; margin-bottom: 30px;\" data-width=\"20%\" data-animate=\"\" data-animation-delay=\"\" data-color=\"extra-color-2\" class=\"divider-small-border\"><\/div><\/div>[\/vc_column][\/vc_row]\n","protected":false},"excerpt":{"rendered":"<p>[vc_row type=&#8220;full_width_background&#8220; full_screen_row_position=&#8220;middle&#8220; equal_height=&#8220;yes&#8220; content_placement=&#8220;middle&#8220; bg_image=&#8220;7428&#8243; bg_position=&#8220;center bottom&#8220; bg_repeat=&#8220;repeat&#8220; bg_color=&#8220;#000000&#8243; scene_position=&#8220;center&#8220; text_color=&#8220;light&#8220; text_align=&#8220;left&#8220; top_padding=&#8220;15%&#8220; bottom_padding=&#8220;15%&#8220;&#8230;<\/p>\n","protected":false},"author":2,"featured_media":7352,"parent":0,"menu_order":0,"comment_status":"closed","ping_status":"closed","template":"","meta":[],"_links":{"self":[{"href":"https:\/\/startcil.cz\/cs\/wp-json\/wp\/v2\/pages\/7346"}],"collection":[{"href":"https:\/\/startcil.cz\/cs\/wp-json\/wp\/v2\/pages"}],"about":[{"href":"https:\/\/startcil.cz\/cs\/wp-json\/wp\/v2\/types\/page"}],"author":[{"embeddable":true,"href":"https:\/\/startcil.cz\/cs\/wp-json\/wp\/v2\/users\/2"}],"replies":[{"embeddable":true,"href":"https:\/\/startcil.cz\/cs\/wp-json\/wp\/v2\/comments?post=7346"}],"version-history":[{"count":159,"href":"https:\/\/startcil.cz\/cs\/wp-json\/wp\/v2\/pages\/7346\/revisions"}],"predecessor-version":[{"id":8174,"href":"https:\/\/startcil.cz\/cs\/wp-json\/wp\/v2\/pages\/7346\/revisions\/8174"}],"wp:featuredmedia":[{"embeddable":true,"href":"https:\/\/startcil.cz\/cs\/wp-json\/wp\/v2\/media\/7352"}],"wp:attachment":[{"href":"https:\/\/startcil.cz\/cs\/wp-json\/wp\/v2\/media?parent=7346"}],"curies":[{"name":"wp","href":"https:\/\/api.w.org\/{rel}","templated":true}]}}