{"id":6716,"date":"2021-09-24T11:37:09","date_gmt":"2021-09-24T11:37:09","guid":{"rendered":"http:\/\/startcil.cz\/cs\/?page_id=6716"},"modified":"2023-06-28T15:42:23","modified_gmt":"2023-06-28T15:42:23","slug":"krouzky","status":"publish","type":"page","link":"https:\/\/startcil.cz\/cs\/krouzky\/","title":{"rendered":"Krou\u017eky dobr\u00e9 nad\u011bje"},"content":{"rendered":"[vc_row type=&#8220;in_container&#8220; full_screen_row_position=&#8220;middle&#8220; scene_position=&#8220;center&#8220; text_color=&#8220;dark&#8220; text_align=&#8220;left&#8220; overlay_strength=&#8220;0.3&#8243; shape_divider_position=&#8220;bottom&#8220; bg_image_animation=&#8220;none&#8220;][vc_column column_padding=&#8220;no-extra-padding&#8220; column_padding_position=&#8220;all&#8220; background_color_opacity=&#8220;1&#8243; background_hover_color_opacity=&#8220;1&#8243; column_link_target=&#8220;_self&#8220; column_shadow=&#8220;none&#8220; column_border_radius=&#8220;none&#8220; width=&#8220;1\/1&#8243; tablet_width_inherit=&#8220;default&#8220; tablet_text_alignment=&#8220;default&#8220; phone_text_alignment=&#8220;default&#8220; column_border_width=&#8220;none&#8220; column_border_style=&#8220;solid&#8220; bg_image_animation=&#8220;none&#8220;][vc_column_text]\n<p style=\"text-align: center;\"><img loading=\"lazy\" class=\"wp-image-6717 size-large aligncenter\" src=\"http:\/\/startcil.cz\/cs\/wp-content\/uploads\/2021\/09\/Kopie-n\u00e1vrhu-B\u016eH-14-1024x390.png\" alt=\"\" width=\"1024\" height=\"390\" srcset=\"https:\/\/startcil.cz\/cs\/wp-content\/uploads\/2021\/09\/Kopie-n\u00e1vrhu-B\u016eH-14-1024x390.png 1024w, https:\/\/startcil.cz\/cs\/wp-content\/uploads\/2021\/09\/Kopie-n\u00e1vrhu-B\u016eH-14-300x114.png 300w, https:\/\/startcil.cz\/cs\/wp-content\/uploads\/2021\/09\/Kopie-n\u00e1vrhu-B\u016eH-14-768x292.png 768w\" sizes=\"(max-width: 1024px) 100vw, 1024px\" \/><\/p>\n<p>&nbsp;[\/vc_column_text][\/vc_column][\/vc_row][vc_row type=&#8220;in_container&#8220; full_screen_row_position=&#8220;middle&#8220; scene_position=&#8220;center&#8220; text_color=&#8220;dark&#8220; text_align=&#8220;left&#8220; overlay_strength=&#8220;0.3&#8243; shape_divider_position=&#8220;bottom&#8220; bg_image_animation=&#8220;none&#8220;][vc_column column_padding=&#8220;no-extra-padding&#8220; column_padding_position=&#8220;all&#8220; background_color_opacity=&#8220;1&#8243; background_hover_color_opacity=&#8220;1&#8243; column_link_target=&#8220;_self&#8220; column_shadow=&#8220;none&#8220; column_border_radius=&#8220;none&#8220; width=&#8220;1\/1&#8243; tablet_width_inherit=&#8220;default&#8220; tablet_text_alignment=&#8220;default&#8220; phone_text_alignment=&#8220;default&#8220; column_border_width=&#8220;none&#8220; column_border_style=&#8220;solid&#8220; bg_image_animation=&#8220;none&#8220;][vc_column_text]\n<p style=\"text-align: center;\">Na m\u00edstn\u00edch t\u011brlick\u00fdch prob\u00edhaj\u00ed krou\u017eky <strong>Dobr\u00e9 nad\u011bje. <\/strong>Krou\u017eky jsou vedeny zdarma t\u011brlick\u00fdm pastorem Luk\u00e1\u0161em Sztefkem.\u00a0Interaktivn\u00ed a z\u00e1bavnou formou seznamuj\u00ed d\u011bti se z\u00e1kladn\u00edmi k\u0159es\u0165ansk\u00fdmi hodnotami.<\/p>\n<p style=\"text-align: center;\">Kde m\u016f\u017eete sv\u00e9 d\u011bti p\u0159ihl\u00e1sit? Term\u00edny pro \u0161koln\u00ed rok 2022\/2023<\/p>\n<p style=\"text-align: center;\"><strong>M\u0160 u p\u0159ehrady<\/strong> &#8211; \u010ctvrtek 8:00 &#8211; 8:40<\/p>\n<p style=\"text-align: center;\"><strong>Z\u0160 \u010desk\u00e1 1. stupe\u0148<\/strong>\u00a0&#8211; St\u0159eda 12:20 &#8211; 13:05<\/p>\n<p style=\"text-align: center;\"><strong>Z\u0160 polsk\u00e1 1. stupe\u0148<\/strong> &#8211; \u010ctvrtek 13:30-14:30<\/p>\n<p style=\"text-align: center;\">Star\u0161\u00edm d\u011btem nab\u00edz\u00edme setk\u00e1n\u00ed <a href=\"http:\/\/startcil.cz\/cs\/co-delame\/dorost\/\">Dorostu<\/a><\/p>\n[\/vc_column_text][\/vc_column][\/vc_row][vc_row type=&#8220;in_container&#8220; full_screen_row_position=&#8220;middle&#8220; scene_position=&#8220;center&#8220; text_color=&#8220;dark&#8220; text_align=&#8220;left&#8220; overlay_strength=&#8220;0.3&#8243; shape_divider_position=&#8220;bottom&#8220; bg_image_animation=&#8220;none&#8220;][vc_column column_padding=&#8220;no-extra-padding&#8220; column_padding_position=&#8220;all&#8220; background_color_opacity=&#8220;1&#8243; background_hover_color_opacity=&#8220;1&#8243; column_link_target=&#8220;_self&#8220; column_shadow=&#8220;none&#8220; column_border_radius=&#8220;none&#8220; width=&#8220;1\/1&#8243; tablet_width_inherit=&#8220;default&#8220; tablet_text_alignment=&#8220;default&#8220; phone_text_alignment=&#8220;default&#8220; column_border_width=&#8220;none&#8220; column_border_style=&#8220;solid&#8220; bg_image_animation=&#8220;none&#8220;]<div class=\"img-with-aniamtion-wrap \" data-max-width=\"100%\" data-border-radius=\"none\"><div class=\"inner\"><img data-shadow=\"none\" data-shadow-direction=\"middle\" class=\"img-with-animation skip-lazy \" data-delay=\"0\" height=\"1920\" width=\"2560\"  data-animation=\"fade-in\" src=\"https:\/\/startcil.cz\/cs\/wp-content\/uploads\/2023\/06\/Krouzek6-scaled.jpeg\" srcset=\"https:\/\/startcil.cz\/cs\/wp-content\/uploads\/2023\/06\/Krouzek6-scaled.jpeg 2560w, https:\/\/startcil.cz\/cs\/wp-content\/uploads\/2023\/06\/Krouzek6-300x225.jpeg 300w, https:\/\/startcil.cz\/cs\/wp-content\/uploads\/2023\/06\/Krouzek6-1024x768.jpeg 1024w, https:\/\/startcil.cz\/cs\/wp-content\/uploads\/2023\/06\/Krouzek6-768x576.jpeg 768w, https:\/\/startcil.cz\/cs\/wp-content\/uploads\/2023\/06\/Krouzek6-1536x1152.jpeg 1536w, https:\/\/startcil.cz\/cs\/wp-content\/uploads\/2023\/06\/Krouzek6-2048x1536.jpeg 2048w\" sizes=\"100vw\" alt=\"\" \/><\/div><\/div>[\/vc_column][\/vc_row]\n","protected":false},"excerpt":{"rendered":"<p>[vc_row type=&#8220;in_container&#8220; full_screen_row_position=&#8220;middle&#8220; scene_position=&#8220;center&#8220; text_color=&#8220;dark&#8220; text_align=&#8220;left&#8220; overlay_strength=&#8220;0.3&#8243; shape_divider_position=&#8220;bottom&#8220; bg_image_animation=&#8220;none&#8220;][vc_column column_padding=&#8220;no-extra-padding&#8220; column_padding_position=&#8220;all&#8220; background_color_opacity=&#8220;1&#8243; background_hover_color_opacity=&#8220;1&#8243; column_link_target=&#8220;_self&#8220; column_shadow=&#8220;none&#8220;&#8230;<\/p>\n","protected":false},"author":2,"featured_media":0,"parent":0,"menu_order":0,"comment_status":"closed","ping_status":"closed","template":"","meta":[],"_links":{"self":[{"href":"https:\/\/startcil.cz\/cs\/wp-json\/wp\/v2\/pages\/6716"}],"collection":[{"href":"https:\/\/startcil.cz\/cs\/wp-json\/wp\/v2\/pages"}],"about":[{"href":"https:\/\/startcil.cz\/cs\/wp-json\/wp\/v2\/types\/page"}],"author":[{"embeddable":true,"href":"https:\/\/startcil.cz\/cs\/wp-json\/wp\/v2\/users\/2"}],"replies":[{"embeddable":true,"href":"https:\/\/startcil.cz\/cs\/wp-json\/wp\/v2\/comments?post=6716"}],"version-history":[{"count":10,"href":"https:\/\/startcil.cz\/cs\/wp-json\/wp\/v2\/pages\/6716\/revisions"}],"predecessor-version":[{"id":7165,"href":"https:\/\/startcil.cz\/cs\/wp-json\/wp\/v2\/pages\/6716\/revisions\/7165"}],"wp:attachment":[{"href":"https:\/\/startcil.cz\/cs\/wp-json\/wp\/v2\/media?parent=6716"}],"curies":[{"name":"wp","href":"https:\/\/api.w.org\/{rel}","templated":true}]}}