{"id":6619,"date":"2021-01-24T06:49:45","date_gmt":"2021-01-24T06:49:45","guid":{"rendered":"http:\/\/startcil.cz\/cs\/?page_id=6619"},"modified":"2026-04-25T04:04:31","modified_gmt":"2026-04-25T04:04:31","slug":"patracihra","status":"publish","type":"page","link":"https:\/\/startcil.cz\/cs\/patracihra\/","title":{"rendered":"P\u00e1trac\u00ed hra"},"content":{"rendered":"[vc_row type=&#8220;in_container&#8220; full_screen_row_position=&#8220;middle&#8220; scene_position=&#8220;center&#8220; text_color=&#8220;dark&#8220; text_align=&#8220;left&#8220; overlay_strength=&#8220;0.3&#8243; shape_divider_position=&#8220;bottom&#8220; bg_image_animation=&#8220;none&#8220;][vc_column column_padding=&#8220;no-extra-padding&#8220; column_padding_position=&#8220;all&#8220; background_color_opacity=&#8220;1&#8243; background_hover_color_opacity=&#8220;1&#8243; column_link_target=&#8220;_self&#8220; column_shadow=&#8220;none&#8220; column_border_radius=&#8220;none&#8220; width=&#8220;1\/1&#8243; tablet_width_inherit=&#8220;default&#8220; tablet_text_alignment=&#8220;default&#8220; phone_text_alignment=&#8220;default&#8220; column_border_width=&#8220;none&#8220; column_border_style=&#8220;solid&#8220; bg_image_animation=&#8220;none&#8220;][vc_column_text]\n<h4 style=\"text-align: center;\">Rodi\u010de! Je tady dal\u0161\u00ed p\u00e1trac\u00ed hra!<br \/>\n<strong>V\u011bdeck\u00e1 miste<\/strong><br \/>\nKdy? 23. 5. 2026 v 15:00<br \/>\nTentokr\u00e1t m\u00e1me z\u00e1kladnu v are\u00e1lu polsk\u00e9 z\u00e1kladn\u00ed \u0161koly v T\u011brlicku<\/h4>\n<h4 style=\"text-align: center;\">V\u00edce info na plak\u00e1tu<br \/>\nRegistrace do 9. 5 na tomto <a href=\"https:\/\/docs.google.com\/forms\/d\/1GmVxAnxpbGkxz94USUZtM1gZpjK-DauzTWfR26MtEYI\/viewform?edit_requested=true\">odkaze<\/a><\/h4>\n<h4 style=\"text-align: center;\">T\u011b\u0161\u00edme se na V\u00e1s a va\u0161e d\u011bti, \u017ee za\u017eijeme spolu super odpoledne!<\/h4>\n[\/vc_column_text][\/vc_column][\/vc_row][vc_row type=&#8220;in_container&#8220; full_screen_row_position=&#8220;middle&#8220; scene_position=&#8220;center&#8220; text_color=&#8220;dark&#8220; text_align=&#8220;left&#8220; overlay_strength=&#8220;0.3&#8243; shape_divider_position=&#8220;bottom&#8220; bg_image_animation=&#8220;none&#8220;][vc_column column_padding=&#8220;no-extra-padding&#8220; column_padding_position=&#8220;all&#8220; background_color_opacity=&#8220;1&#8243; background_hover_color_opacity=&#8220;1&#8243; column_link_target=&#8220;_self&#8220; column_shadow=&#8220;none&#8220; column_border_radius=&#8220;none&#8220; width=&#8220;1\/1&#8243; tablet_width_inherit=&#8220;default&#8220; tablet_text_alignment=&#8220;default&#8220; phone_text_alignment=&#8220;default&#8220; column_border_width=&#8220;none&#8220; column_border_style=&#8220;solid&#8220; bg_image_animation=&#8220;none&#8220;]<div class=\"img-with-aniamtion-wrap center\" data-max-width=\"100%\" data-border-radius=\"none\"><div class=\"inner\"><img data-shadow=\"none\" data-shadow-direction=\"middle\" class=\"img-with-animation skip-lazy \" data-delay=\"0\" height=\"1350\" width=\"1080\"  data-animation=\"fade-in\" src=\"https:\/\/startcil.cz\/cs\/wp-content\/uploads\/2026\/04\/668475751_956733526750425_5462405331243760350_n.jpg\" srcset=\"https:\/\/startcil.cz\/cs\/wp-content\/uploads\/2026\/04\/668475751_956733526750425_5462405331243760350_n.jpg 1080w, https:\/\/startcil.cz\/cs\/wp-content\/uploads\/2026\/04\/668475751_956733526750425_5462405331243760350_n-240x300.jpg 240w, https:\/\/startcil.cz\/cs\/wp-content\/uploads\/2026\/04\/668475751_956733526750425_5462405331243760350_n-819x1024.jpg 819w, https:\/\/startcil.cz\/cs\/wp-content\/uploads\/2026\/04\/668475751_956733526750425_5462405331243760350_n-768x960.jpg 768w\" sizes=\"100vw\" alt=\"\" \/><\/div><\/div>[\/vc_column][\/vc_row]\n","protected":false},"excerpt":{"rendered":"<p>[vc_row type=&#8220;in_container&#8220; full_screen_row_position=&#8220;middle&#8220; scene_position=&#8220;center&#8220; text_color=&#8220;dark&#8220; text_align=&#8220;left&#8220; overlay_strength=&#8220;0.3&#8243; shape_divider_position=&#8220;bottom&#8220; bg_image_animation=&#8220;none&#8220;][vc_column column_padding=&#8220;no-extra-padding&#8220; column_padding_position=&#8220;all&#8220; background_color_opacity=&#8220;1&#8243; background_hover_color_opacity=&#8220;1&#8243; column_link_target=&#8220;_self&#8220; column_shadow=&#8220;none&#8220;&#8230;<\/p>\n","protected":false},"author":2,"featured_media":0,"parent":0,"menu_order":0,"comment_status":"closed","ping_status":"closed","template":"","meta":[],"_links":{"self":[{"href":"https:\/\/startcil.cz\/cs\/wp-json\/wp\/v2\/pages\/6619"}],"collection":[{"href":"https:\/\/startcil.cz\/cs\/wp-json\/wp\/v2\/pages"}],"about":[{"href":"https:\/\/startcil.cz\/cs\/wp-json\/wp\/v2\/types\/page"}],"author":[{"embeddable":true,"href":"https:\/\/startcil.cz\/cs\/wp-json\/wp\/v2\/users\/2"}],"replies":[{"embeddable":true,"href":"https:\/\/startcil.cz\/cs\/wp-json\/wp\/v2\/comments?post=6619"}],"version-history":[{"count":14,"href":"https:\/\/startcil.cz\/cs\/wp-json\/wp\/v2\/pages\/6619\/revisions"}],"predecessor-version":[{"id":8202,"href":"https:\/\/startcil.cz\/cs\/wp-json\/wp\/v2\/pages\/6619\/revisions\/8202"}],"wp:attachment":[{"href":"https:\/\/startcil.cz\/cs\/wp-json\/wp\/v2\/media?parent=6619"}],"curies":[{"name":"wp","href":"https:\/\/api.w.org\/{rel}","templated":true}]}}