{"id":6382,"date":"2019-11-27T23:22:25","date_gmt":"2019-11-27T23:22:25","guid":{"rendered":"http:\/\/startcil.cz\/cs\/?page_id=6382"},"modified":"2020-01-04T12:03:00","modified_gmt":"2020-01-04T12:03:00","slug":"babyclub","status":"publish","type":"page","link":"https:\/\/startcil.cz\/cs\/co-delame\/babyclub\/","title":{"rendered":"Baby club"},"content":{"rendered":"<p><strong>T\u011brlick\u00fd baby club<\/strong><\/p>\n<p>N\u00e1pad zalo\u017eit v\u00a0T\u011brlicku baby club zr\u00e1l v\u00a0na\u0161ich srdc\u00edch ji\u017e del\u0161\u00ed dobu. Chceme nab\u00eddnout mamink\u00e1m bezplatn\u00fd prostor ke sch\u00e1zen\u00ed se a tr\u00e1ven\u00ed \u010dasu s\u00a0d\u011btmi, mo\u017enost sezn\u00e1mit se s\u00a0dal\u0161\u00edmi maminkami, vym\u011b\u0148ovat si zku\u0161enosti a navz\u00e1jem se povzbuzovat. Na facebookov\u00e9 str\u00e1nce <a href=\"https:\/\/www.facebook.com\/groups\/983104975397040\/\" target=\"_blank\" rel=\"noopener\">T\u011brlick\u00fd baby club<\/a> budeme pravideln\u011b zve\u0159ej\u0148ovat aktu\u00e1ln\u00ed informace ke ka\u017ed\u00e9mu setk\u00e1n\u00ed.<\/p>\n<p><strong>Jak se k n\u00e1m dostanete?\u00a0<\/strong>(Fotografie naleznete n\u00ed\u017ee)<\/p>\n<p>Pokud pojedete sm\u011brem od T\u011brlicka, odbo\u010dte za biologick\u00fdm rybn\u00edkem vlevo. Na prvn\u00ed odbo\u010dce znovu vlevo, a pak rovn\u011b dojedete p\u0159\u00edmo k evangelick\u00e9mu kostelu, kde m\u016f\u017eete pohodln\u011b zaparkovat. Pokud pojedete s ko\u010d\u00e1rkem, m\u016f\u017eete vyu\u017e\u00edt bezbari\u00e9rov\u00fd vstup p\u0159es zahradu. Jinak m\u016f\u017eete vyu\u017e\u00edt i druh\u00e9ho vchodu ze strany parkovi\u0161t\u011b.<\/p>\n<p>T\u011b\u0161\u00edme se na v\u00e1s. Karin, D\u00e1\u0161a a Mark\u00e9ta<\/p>\n<p><img loading=\"lazy\" class=\"alignnone wp-image-6383 size-full\" src=\"http:\/\/startcil.cz\/cs\/wp-content\/uploads\/2019\/11\/BABY-CLUB-1.png\" alt=\"\" width=\"1920\" height=\"1080\" srcset=\"https:\/\/startcil.cz\/cs\/wp-content\/uploads\/2019\/11\/BABY-CLUB-1.png 1920w, https:\/\/startcil.cz\/cs\/wp-content\/uploads\/2019\/11\/BABY-CLUB-1-300x169.png 300w, https:\/\/startcil.cz\/cs\/wp-content\/uploads\/2019\/11\/BABY-CLUB-1-768x432.png 768w, https:\/\/startcil.cz\/cs\/wp-content\/uploads\/2019\/11\/BABY-CLUB-1-1024x576.png 1024w\" sizes=\"(max-width: 1920px) 100vw, 1920px\" \/><\/p>\n<p style=\"text-align: center;\"><strong>Cesta k n\u00e1m<\/strong> (adresa: Kosteln\u00ed 177, T\u011brlicko)<\/p>\n<p><img loading=\"lazy\" class=\"wp-image-6405 size-large aligncenter\" src=\"http:\/\/startcil.cz\/cs\/wp-content\/uploads\/2020\/01\/1-1024x576.jpg\" alt=\"\" width=\"1024\" height=\"576\" srcset=\"https:\/\/startcil.cz\/cs\/wp-content\/uploads\/2020\/01\/1-1024x576.jpg 1024w, https:\/\/startcil.cz\/cs\/wp-content\/uploads\/2020\/01\/1-300x169.jpg 300w, https:\/\/startcil.cz\/cs\/wp-content\/uploads\/2020\/01\/1-768x432.jpg 768w, https:\/\/startcil.cz\/cs\/wp-content\/uploads\/2020\/01\/1.jpg 1920w\" sizes=\"(max-width: 1024px) 100vw, 1024px\" \/><\/p>\n<p><img loading=\"lazy\" class=\"aligncenter wp-image-6406 size-large\" src=\"http:\/\/startcil.cz\/cs\/wp-content\/uploads\/2020\/01\/2-1024x576.jpg\" alt=\"\" width=\"1024\" height=\"576\" srcset=\"https:\/\/startcil.cz\/cs\/wp-content\/uploads\/2020\/01\/2-1024x576.jpg 1024w, https:\/\/startcil.cz\/cs\/wp-content\/uploads\/2020\/01\/2-300x169.jpg 300w, https:\/\/startcil.cz\/cs\/wp-content\/uploads\/2020\/01\/2-768x432.jpg 768w, https:\/\/startcil.cz\/cs\/wp-content\/uploads\/2020\/01\/2.jpg 1920w\" sizes=\"(max-width: 1024px) 100vw, 1024px\" \/><\/p>\n<p><img loading=\"lazy\" class=\"aligncenter wp-image-6407 size-large\" src=\"http:\/\/startcil.cz\/cs\/wp-content\/uploads\/2020\/01\/3-1024x576.jpg\" alt=\"\" width=\"1024\" height=\"576\" srcset=\"https:\/\/startcil.cz\/cs\/wp-content\/uploads\/2020\/01\/3-1024x576.jpg 1024w, https:\/\/startcil.cz\/cs\/wp-content\/uploads\/2020\/01\/3-300x169.jpg 300w, https:\/\/startcil.cz\/cs\/wp-content\/uploads\/2020\/01\/3-768x432.jpg 768w, https:\/\/startcil.cz\/cs\/wp-content\/uploads\/2020\/01\/3.jpg 1920w\" sizes=\"(max-width: 1024px) 100vw, 1024px\" \/><\/p>\n<p><img loading=\"lazy\" class=\"wp-image-6408 size-large aligncenter\" src=\"http:\/\/startcil.cz\/cs\/wp-content\/uploads\/2020\/01\/4-1024x576.jpg\" alt=\"\" width=\"1024\" height=\"576\" srcset=\"https:\/\/startcil.cz\/cs\/wp-content\/uploads\/2020\/01\/4-1024x576.jpg 1024w, https:\/\/startcil.cz\/cs\/wp-content\/uploads\/2020\/01\/4-300x169.jpg 300w, https:\/\/startcil.cz\/cs\/wp-content\/uploads\/2020\/01\/4-768x432.jpg 768w, https:\/\/startcil.cz\/cs\/wp-content\/uploads\/2020\/01\/4.jpg 1920w\" sizes=\"(max-width: 1024px) 100vw, 1024px\" \/><\/p>\n<p><img loading=\"lazy\" class=\"aligncenter wp-image-6409 size-large\" src=\"http:\/\/startcil.cz\/cs\/wp-content\/uploads\/2020\/01\/5-1024x576.jpg\" alt=\"\" width=\"1024\" height=\"576\" srcset=\"https:\/\/startcil.cz\/cs\/wp-content\/uploads\/2020\/01\/5-1024x576.jpg 1024w, https:\/\/startcil.cz\/cs\/wp-content\/uploads\/2020\/01\/5-300x169.jpg 300w, https:\/\/startcil.cz\/cs\/wp-content\/uploads\/2020\/01\/5-768x432.jpg 768w, https:\/\/startcil.cz\/cs\/wp-content\/uploads\/2020\/01\/5.jpg 1920w\" sizes=\"(max-width: 1024px) 100vw, 1024px\" \/><\/p>\n","protected":false},"excerpt":{"rendered":"<p>T\u011brlick\u00fd baby club N\u00e1pad zalo\u017eit v\u00a0T\u011brlicku baby club zr\u00e1l v\u00a0na\u0161ich srdc\u00edch ji\u017e del\u0161\u00ed dobu. Chceme&#8230;<\/p>\n","protected":false},"author":2,"featured_media":0,"parent":16,"menu_order":0,"comment_status":"closed","ping_status":"closed","template":"","meta":[],"_links":{"self":[{"href":"https:\/\/startcil.cz\/cs\/wp-json\/wp\/v2\/pages\/6382"}],"collection":[{"href":"https:\/\/startcil.cz\/cs\/wp-json\/wp\/v2\/pages"}],"about":[{"href":"https:\/\/startcil.cz\/cs\/wp-json\/wp\/v2\/types\/page"}],"author":[{"embeddable":true,"href":"https:\/\/startcil.cz\/cs\/wp-json\/wp\/v2\/users\/2"}],"replies":[{"embeddable":true,"href":"https:\/\/startcil.cz\/cs\/wp-json\/wp\/v2\/comments?post=6382"}],"version-history":[{"count":11,"href":"https:\/\/startcil.cz\/cs\/wp-json\/wp\/v2\/pages\/6382\/revisions"}],"predecessor-version":[{"id":6416,"href":"https:\/\/startcil.cz\/cs\/wp-json\/wp\/v2\/pages\/6382\/revisions\/6416"}],"up":[{"embeddable":true,"href":"https:\/\/startcil.cz\/cs\/wp-json\/wp\/v2\/pages\/16"}],"wp:attachment":[{"href":"https:\/\/startcil.cz\/cs\/wp-json\/wp\/v2\/media?parent=6382"}],"curies":[{"name":"wp","href":"https:\/\/api.w.org\/{rel}","templated":true}]}}