{"id":6323,"date":"2019-07-09T19:31:57","date_gmt":"2019-07-09T19:31:57","guid":{"rendered":"http:\/\/startcil.cz\/cs\/?page_id=6323"},"modified":"2023-04-12T08:27:36","modified_gmt":"2023-04-12T08:27:36","slug":"detsky-tabor","status":"publish","type":"page","link":"https:\/\/startcil.cz\/cs\/detsky-tabor\/","title":{"rendered":"D\u011btsk\u00fd t\u00e1bor"},"content":{"rendered":"<p><img loading=\"lazy\" class=\"alignnone wp-image-6942 size-full\" src=\"http:\/\/startcil.cz\/cs\/wp-content\/uploads\/2023\/04\/Plakat_detsky_tabor.png\" alt=\"\" width=\"1587\" height=\"2245\" srcset=\"https:\/\/startcil.cz\/cs\/wp-content\/uploads\/2023\/04\/Plakat_detsky_tabor.png 1587w, https:\/\/startcil.cz\/cs\/wp-content\/uploads\/2023\/04\/Plakat_detsky_tabor-212x300.png 212w, https:\/\/startcil.cz\/cs\/wp-content\/uploads\/2023\/04\/Plakat_detsky_tabor-724x1024.png 724w, https:\/\/startcil.cz\/cs\/wp-content\/uploads\/2023\/04\/Plakat_detsky_tabor-768x1086.png 768w, https:\/\/startcil.cz\/cs\/wp-content\/uploads\/2023\/04\/Plakat_detsky_tabor-1086x1536.png 1086w, https:\/\/startcil.cz\/cs\/wp-content\/uploads\/2023\/04\/Plakat_detsky_tabor-1448x2048.png 1448w\" sizes=\"(max-width: 1587px) 100vw, 1587px\" \/><\/p>\n","protected":false},"excerpt":{"rendered":"","protected":false},"author":2,"featured_media":0,"parent":0,"menu_order":0,"comment_status":"closed","ping_status":"closed","template":"","meta":[],"_links":{"self":[{"href":"https:\/\/startcil.cz\/cs\/wp-json\/wp\/v2\/pages\/6323"}],"collection":[{"href":"https:\/\/startcil.cz\/cs\/wp-json\/wp\/v2\/pages"}],"about":[{"href":"https:\/\/startcil.cz\/cs\/wp-json\/wp\/v2\/types\/page"}],"author":[{"embeddable":true,"href":"https:\/\/startcil.cz\/cs\/wp-json\/wp\/v2\/users\/2"}],"replies":[{"embeddable":true,"href":"https:\/\/startcil.cz\/cs\/wp-json\/wp\/v2\/comments?post=6323"}],"version-history":[{"count":4,"href":"https:\/\/startcil.cz\/cs\/wp-json\/wp\/v2\/pages\/6323\/revisions"}],"predecessor-version":[{"id":6943,"href":"https:\/\/startcil.cz\/cs\/wp-json\/wp\/v2\/pages\/6323\/revisions\/6943"}],"wp:attachment":[{"href":"https:\/\/startcil.cz\/cs\/wp-json\/wp\/v2\/media?parent=6323"}],"curies":[{"name":"wp","href":"https:\/\/api.w.org\/{rel}","templated":true}]}}