{"id":53,"date":"2015-01-14T14:11:28","date_gmt":"2015-01-14T14:11:28","guid":{"rendered":"http:\/\/cs.startcil.cz\/?page_id=53"},"modified":"2019-04-16T15:03:18","modified_gmt":"2019-04-16T15:03:18","slug":"skupiny","status":"publish","type":"page","link":"https:\/\/startcil.cz\/cs\/co-delame\/skupiny\/","title":{"rendered":"Skupinky"},"content":{"rendered":"[vc_row type=&#8220;in_container&#8220; full_screen_row_position=&#8220;middle&#8220; scene_position=&#8220;center&#8220; text_color=&#8220;dark&#8220; text_align=&#8220;left&#8220; overlay_strength=&#8220;0.3&#8243; shape_divider_position=&#8220;bottom&#8220; bg_image_animation=&#8220;none&#8220;][vc_column column_padding=&#8220;padding-3-percent&#8220; column_padding_position=&#8220;all&#8220; background_color_opacity=&#8220;1&#8243; background_hover_color_opacity=&#8220;1&#8243; column_link_target=&#8220;_self&#8220; column_shadow=&#8220;none&#8220; column_border_radius=&#8220;none&#8220; width=&#8220;1\/1&#8243; tablet_width_inherit=&#8220;default&#8220; tablet_text_alignment=&#8220;default&#8220; phone_text_alignment=&#8220;default&#8220; column_border_width=&#8220;none&#8220; column_border_style=&#8220;solid&#8220; bg_image_animation=&#8220;none&#8220; enable_animation=&#8220;true&#8220; animation=&#8220;fade-in&#8220;][vc_column_text]\n<h1 style=\"text-align: center;\">Skupinky<\/h1>\n[\/vc_column_text][\/vc_column][\/vc_row][vc_row type=&#8220;in_container&#8220; full_screen_row_position=&#8220;middle&#8220; scene_position=&#8220;center&#8220; text_color=&#8220;dark&#8220; text_align=&#8220;left&#8220; overlay_strength=&#8220;0.3&#8243; shape_divider_position=&#8220;bottom&#8220; bg_image_animation=&#8220;none&#8220;][vc_column column_padding=&#8220;no-extra-padding&#8220; column_padding_position=&#8220;all&#8220; background_color_opacity=&#8220;1&#8243; background_hover_color_opacity=&#8220;1&#8243; column_link_target=&#8220;_self&#8220; column_shadow=&#8220;none&#8220; column_border_radius=&#8220;none&#8220; width=&#8220;1\/1&#8243; tablet_width_inherit=&#8220;default&#8220; tablet_text_alignment=&#8220;default&#8220; phone_text_alignment=&#8220;default&#8220; column_border_width=&#8220;none&#8220; column_border_style=&#8220;solid&#8220; bg_image_animation=&#8220;none&#8220;][vc_column_text]M\u00edsto, kde chceme \u017e\u00edt jako rodina. M\u00e1me tak mo\u017enost nejen prohloubit na\u0161e vz\u00e1jemn\u00e9 vztahy, ale tak\u00e9 se n\u011bco nov\u00e9ho dozv\u011bd\u011bt, n\u011b\u010demu se nau\u010dit.<\/p>\n<p>Mu\u017ei se sch\u00e1z\u00ed 1x m\u011bs\u00ed\u010dn\u011b p\u0159i spole\u010dn\u00e9 sn\u00eddani. \u017deny maj\u00ed tak\u00e9 sv\u00e9 pravideln\u00e9 setk\u00e1n\u00ed. 2x ro\u010dn\u011b organizujeme setk\u00e1n\u00ed pro nejstar\u0161\u00ed generaci, kter\u00e1 u\u017e nem\u00e1 s\u00edlu pravideln\u011b p\u0159ich\u00e1zet. V\u0161echna v\u00fd\u0161e popsan\u00e1 setk\u00e1n\u00ed jsou samoz\u0159ejm\u011b otev\u0159en\u00e1. Jak se do nich zapojit? Sta\u010d\u00ed napsat na info@startcil.cz<\/p>\n<p><img loading=\"lazy\" class=\"alignnone wp-image-6255 size-full\" src=\"http:\/\/startcil.cz\/new\/wp-content\/uploads\/2019\/04\/Snidane_pro_muze.jpg\" alt=\"\" width=\"3264\" height=\"2448\" srcset=\"https:\/\/startcil.cz\/cs\/wp-content\/uploads\/2019\/04\/Snidane_pro_muze.jpg 3264w, https:\/\/startcil.cz\/cs\/wp-content\/uploads\/2019\/04\/Snidane_pro_muze-300x225.jpg 300w, https:\/\/startcil.cz\/cs\/wp-content\/uploads\/2019\/04\/Snidane_pro_muze-768x576.jpg 768w, https:\/\/startcil.cz\/cs\/wp-content\/uploads\/2019\/04\/Snidane_pro_muze-1024x768.jpg 1024w\" sizes=\"(max-width: 3264px) 100vw, 3264px\" \/><\/p>\n[\/vc_column_text][\/vc_column][\/vc_row]\n","protected":false},"excerpt":{"rendered":"<p>[vc_row type=&#8220;in_container&#8220; full_screen_row_position=&#8220;middle&#8220; scene_position=&#8220;center&#8220; text_color=&#8220;dark&#8220; text_align=&#8220;left&#8220; overlay_strength=&#8220;0.3&#8243; shape_divider_position=&#8220;bottom&#8220; bg_image_animation=&#8220;none&#8220;][vc_column column_padding=&#8220;padding-3-percent&#8220; column_padding_position=&#8220;all&#8220; background_color_opacity=&#8220;1&#8243; background_hover_color_opacity=&#8220;1&#8243; column_link_target=&#8220;_self&#8220; column_shadow=&#8220;none&#8220;&#8230;<\/p>\n","protected":false},"author":1,"featured_media":0,"parent":16,"menu_order":0,"comment_status":"open","ping_status":"closed","template":"","meta":[],"_links":{"self":[{"href":"https:\/\/startcil.cz\/cs\/wp-json\/wp\/v2\/pages\/53"}],"collection":[{"href":"https:\/\/startcil.cz\/cs\/wp-json\/wp\/v2\/pages"}],"about":[{"href":"https:\/\/startcil.cz\/cs\/wp-json\/wp\/v2\/types\/page"}],"author":[{"embeddable":true,"href":"https:\/\/startcil.cz\/cs\/wp-json\/wp\/v2\/users\/1"}],"replies":[{"embeddable":true,"href":"https:\/\/startcil.cz\/cs\/wp-json\/wp\/v2\/comments?post=53"}],"version-history":[{"count":3,"href":"https:\/\/startcil.cz\/cs\/wp-json\/wp\/v2\/pages\/53\/revisions"}],"predecessor-version":[{"id":6260,"href":"https:\/\/startcil.cz\/cs\/wp-json\/wp\/v2\/pages\/53\/revisions\/6260"}],"up":[{"embeddable":true,"href":"https:\/\/startcil.cz\/cs\/wp-json\/wp\/v2\/pages\/16"}],"wp:attachment":[{"href":"https:\/\/startcil.cz\/cs\/wp-json\/wp\/v2\/media?parent=53"}],"curies":[{"name":"wp","href":"https:\/\/api.w.org\/{rel}","templated":true}]}}