{"id":49,"date":"2015-01-14T14:11:06","date_gmt":"2015-01-14T14:11:06","guid":{"rendered":"http:\/\/cs.startcil.cz\/?page_id=49"},"modified":"2026-01-12T16:45:12","modified_gmt":"2026-01-12T16:45:12","slug":"mladez","status":"publish","type":"page","link":"https:\/\/startcil.cz\/cs\/co-delame\/mladez\/","title":{"rendered":"Ml\u00e1de\u017e"},"content":{"rendered":"[vc_row type=&#8220;in_container&#8220; full_screen_row_position=&#8220;middle&#8220; scene_position=&#8220;center&#8220; text_color=&#8220;dark&#8220; text_align=&#8220;left&#8220; overlay_strength=&#8220;0.3&#8243; shape_divider_position=&#8220;bottom&#8220; bg_image_animation=&#8220;none&#8220;][vc_column column_padding=&#8220;padding-3-percent&#8220; column_padding_position=&#8220;all&#8220; background_color_opacity=&#8220;1&#8243; background_hover_color_opacity=&#8220;1&#8243; column_link_target=&#8220;_self&#8220; column_shadow=&#8220;none&#8220; column_border_radius=&#8220;none&#8220; width=&#8220;1\/1&#8243; tablet_width_inherit=&#8220;default&#8220; tablet_text_alignment=&#8220;default&#8220; phone_text_alignment=&#8220;default&#8220; column_border_width=&#8220;none&#8220; column_border_style=&#8220;solid&#8220; bg_image_animation=&#8220;none&#8220; enable_animation=&#8220;true&#8220; animation=&#8220;fade-in&#8220;][vc_column_text]\n<h1 style=\"text-align: center;\">Ml\u00e1de\u017e<\/h1>\n[\/vc_column_text][\/vc_column][\/vc_row][vc_row type=&#8220;in_container&#8220; full_screen_row_position=&#8220;middle&#8220; scene_position=&#8220;center&#8220; text_color=&#8220;dark&#8220; text_align=&#8220;left&#8220; overlay_strength=&#8220;0.3&#8243; shape_divider_position=&#8220;bottom&#8220; bg_image_animation=&#8220;none&#8220;][vc_column column_padding=&#8220;no-extra-padding&#8220; column_padding_position=&#8220;all&#8220; background_color_opacity=&#8220;1&#8243; background_hover_color_opacity=&#8220;1&#8243; column_link_target=&#8220;_self&#8220; column_shadow=&#8220;none&#8220; column_border_radius=&#8220;none&#8220; width=&#8220;1\/1&#8243; tablet_width_inherit=&#8220;default&#8220; tablet_text_alignment=&#8220;default&#8220; phone_text_alignment=&#8220;default&#8220; column_border_width=&#8220;none&#8220; column_border_style=&#8220;solid&#8220; bg_image_animation=&#8220;none&#8220;][vc_column_text]Setk\u00e1v\u00e1me se ka\u017ed\u00fd p\u00e1tek v 18:30 v s\u00e1le pod kostelem. Setk\u00e1n\u00ed je ur\u010deno pro star\u0161\u00ed ml\u00e1de\u017e, p\u0159ibli\u017en\u011b od 18 let.<\/p>\n<p>Na setk\u00e1n\u00edch se sna\u017e\u00edme pozn\u00e1vat biblick\u00e9 pravdy pro n\u00e1\u0161 ka\u017edodenn\u00ed \u017eivot, ale taky tvo\u0159it skv\u011blou partu. Chceme tady b\u00fdt i pro ty, kte\u0159\u00ed se cht\u011bj\u00ed dozv\u011bd\u011bt n\u011bco v\u00edce o k\u0159es\u0165anstv\u00ed anebo p\u0159em\u00fd\u0161lej\u00ed o \u017eivot\u011b a jeho smyslu. B\u011bhem roku jezd\u00edv\u00e1me na v\u00edkendov\u00e9 akce a o letn\u00edch pr\u00e1zdnin\u00e1ch vyr\u00e1\u017e\u00edme na pobyt do p\u0159\u00edrody. \u00a0Na cokoliv ohledn\u011b ml\u00e1de\u017ee se neboj zeptat vedouc\u00edho Damiana V\u00edchy. <a href=\"mailto:damianvicha8@gmail.com\">damianvicha8@gmail.com<\/a>[\/vc_column_text][\/vc_column][\/vc_row][vc_row type=&#8220;in_container&#8220; full_screen_row_position=&#8220;middle&#8220; scene_position=&#8220;center&#8220; text_color=&#8220;dark&#8220; text_align=&#8220;left&#8220; overlay_strength=&#8220;0.3&#8243; shape_divider_position=&#8220;bottom&#8220; bg_image_animation=&#8220;none&#8220;][vc_column column_padding=&#8220;no-extra-padding&#8220; column_padding_position=&#8220;all&#8220; background_color_opacity=&#8220;1&#8243; background_hover_color_opacity=&#8220;1&#8243; column_link_target=&#8220;_self&#8220; column_shadow=&#8220;none&#8220; column_border_radius=&#8220;none&#8220; width=&#8220;1\/1&#8243; tablet_width_inherit=&#8220;default&#8220; tablet_text_alignment=&#8220;default&#8220; phone_text_alignment=&#8220;default&#8220; column_border_width=&#8220;none&#8220; column_border_style=&#8220;solid&#8220; bg_image_animation=&#8220;none&#8220;]<div class=\"img-with-aniamtion-wrap center\" data-max-width=\"100%\" data-border-radius=\"none\"><div class=\"inner\"><img data-shadow=\"none\" data-shadow-direction=\"middle\" class=\"img-with-animation skip-lazy \" data-delay=\"0\" height=\"1536\" width=\"2048\"  data-animation=\"fade-in\" src=\"https:\/\/startcil.cz\/cs\/wp-content\/uploads\/2026\/01\/WhatsApp-Image-2026-01-10-at-11.28.43.jpeg\" srcset=\"https:\/\/startcil.cz\/cs\/wp-content\/uploads\/2026\/01\/WhatsApp-Image-2026-01-10-at-11.28.43.jpeg 2048w, https:\/\/startcil.cz\/cs\/wp-content\/uploads\/2026\/01\/WhatsApp-Image-2026-01-10-at-11.28.43-300x225.jpeg 300w, https:\/\/startcil.cz\/cs\/wp-content\/uploads\/2026\/01\/WhatsApp-Image-2026-01-10-at-11.28.43-1024x768.jpeg 1024w, https:\/\/startcil.cz\/cs\/wp-content\/uploads\/2026\/01\/WhatsApp-Image-2026-01-10-at-11.28.43-768x576.jpeg 768w, https:\/\/startcil.cz\/cs\/wp-content\/uploads\/2026\/01\/WhatsApp-Image-2026-01-10-at-11.28.43-1536x1152.jpeg 1536w\" sizes=\"100vw\" alt=\"\" \/><\/div><\/div><div class=\"img-with-aniamtion-wrap center\" data-max-width=\"100%\" data-border-radius=\"none\"><div class=\"inner\"><img data-shadow=\"none\" data-shadow-direction=\"middle\" class=\"img-with-animation skip-lazy \" data-delay=\"0\" height=\"1920\" width=\"2560\"  data-animation=\"fade-in\" src=\"https:\/\/startcil.cz\/cs\/wp-content\/uploads\/2026\/01\/IMG_5906-scaled.jpg\" srcset=\"https:\/\/startcil.cz\/cs\/wp-content\/uploads\/2026\/01\/IMG_5906-scaled.jpg 2560w, https:\/\/startcil.cz\/cs\/wp-content\/uploads\/2026\/01\/IMG_5906-300x225.jpg 300w, https:\/\/startcil.cz\/cs\/wp-content\/uploads\/2026\/01\/IMG_5906-1024x768.jpg 1024w, https:\/\/startcil.cz\/cs\/wp-content\/uploads\/2026\/01\/IMG_5906-768x576.jpg 768w, https:\/\/startcil.cz\/cs\/wp-content\/uploads\/2026\/01\/IMG_5906-1536x1152.jpg 1536w, https:\/\/startcil.cz\/cs\/wp-content\/uploads\/2026\/01\/IMG_5906-2048x1536.jpg 2048w\" sizes=\"100vw\" alt=\"\" \/><\/div><\/div>[\/vc_column][\/vc_row]\n","protected":false},"excerpt":{"rendered":"<p>[vc_row type=&#8220;in_container&#8220; full_screen_row_position=&#8220;middle&#8220; scene_position=&#8220;center&#8220; text_color=&#8220;dark&#8220; text_align=&#8220;left&#8220; overlay_strength=&#8220;0.3&#8243; shape_divider_position=&#8220;bottom&#8220; bg_image_animation=&#8220;none&#8220;][vc_column column_padding=&#8220;padding-3-percent&#8220; column_padding_position=&#8220;all&#8220; background_color_opacity=&#8220;1&#8243; background_hover_color_opacity=&#8220;1&#8243; column_link_target=&#8220;_self&#8220; column_shadow=&#8220;none&#8220;&#8230;<\/p>\n","protected":false},"author":1,"featured_media":0,"parent":16,"menu_order":0,"comment_status":"closed","ping_status":"closed","template":"","meta":[],"_links":{"self":[{"href":"https:\/\/startcil.cz\/cs\/wp-json\/wp\/v2\/pages\/49"}],"collection":[{"href":"https:\/\/startcil.cz\/cs\/wp-json\/wp\/v2\/pages"}],"about":[{"href":"https:\/\/startcil.cz\/cs\/wp-json\/wp\/v2\/types\/page"}],"author":[{"embeddable":true,"href":"https:\/\/startcil.cz\/cs\/wp-json\/wp\/v2\/users\/1"}],"replies":[{"embeddable":true,"href":"https:\/\/startcil.cz\/cs\/wp-json\/wp\/v2\/comments?post=49"}],"version-history":[{"count":25,"href":"https:\/\/startcil.cz\/cs\/wp-json\/wp\/v2\/pages\/49\/revisions"}],"predecessor-version":[{"id":8153,"href":"https:\/\/startcil.cz\/cs\/wp-json\/wp\/v2\/pages\/49\/revisions\/8153"}],"up":[{"embeddable":true,"href":"https:\/\/startcil.cz\/cs\/wp-json\/wp\/v2\/pages\/16"}],"wp:attachment":[{"href":"https:\/\/startcil.cz\/cs\/wp-json\/wp\/v2\/media?parent=49"}],"curies":[{"name":"wp","href":"https:\/\/api.w.org\/{rel}","templated":true}]}}