{"id":47,"date":"2015-01-14T14:10:54","date_gmt":"2015-01-14T14:10:54","guid":{"rendered":"http:\/\/cs.startcil.cz\/?page_id=47"},"modified":"2023-06-03T05:05:59","modified_gmt":"2023-06-03T05:05:59","slug":"dorost","status":"publish","type":"page","link":"https:\/\/startcil.cz\/cs\/co-delame\/dorost\/","title":{"rendered":"Dorost"},"content":{"rendered":"[vc_row type=&#8220;in_container&#8220; full_screen_row_position=&#8220;middle&#8220; scene_position=&#8220;center&#8220; text_color=&#8220;dark&#8220; text_align=&#8220;left&#8220; overlay_strength=&#8220;0.3&#8243; shape_divider_position=&#8220;bottom&#8220; bg_image_animation=&#8220;none&#8220;][vc_column column_padding=&#8220;padding-3-percent&#8220; column_padding_position=&#8220;all&#8220; background_color_opacity=&#8220;1&#8243; background_hover_color_opacity=&#8220;1&#8243; column_link_target=&#8220;_self&#8220; column_shadow=&#8220;none&#8220; column_border_radius=&#8220;none&#8220; width=&#8220;1\/1&#8243; tablet_width_inherit=&#8220;default&#8220; tablet_text_alignment=&#8220;default&#8220; phone_text_alignment=&#8220;default&#8220; column_border_width=&#8220;none&#8220; column_border_style=&#8220;solid&#8220; bg_image_animation=&#8220;none&#8220; enable_animation=&#8220;true&#8220; animation=&#8220;fade-in&#8220;][vc_column_text]\n<h1 style=\"text-align: center;\">DOROST<\/h1>\n[\/vc_column_text][\/vc_column][\/vc_row][vc_row type=&#8220;in_container&#8220; full_screen_row_position=&#8220;middle&#8220; scene_position=&#8220;center&#8220; text_color=&#8220;dark&#8220; text_align=&#8220;left&#8220; overlay_strength=&#8220;0.3&#8243; shape_divider_position=&#8220;bottom&#8220; bg_image_animation=&#8220;none&#8220;][vc_column column_padding=&#8220;no-extra-padding&#8220; column_padding_position=&#8220;all&#8220; background_color_opacity=&#8220;1&#8243; background_hover_color_opacity=&#8220;1&#8243; column_link_target=&#8220;_self&#8220; column_shadow=&#8220;none&#8220; column_border_radius=&#8220;none&#8220; width=&#8220;1\/1&#8243; tablet_width_inherit=&#8220;default&#8220; tablet_text_alignment=&#8220;default&#8220; phone_text_alignment=&#8220;default&#8220; column_border_width=&#8220;none&#8220; column_border_style=&#8220;solid&#8220; bg_image_animation=&#8220;none&#8220;][vc_column_text]Dal\u0161\u00ed aktivitou pro d\u011bti ve v\u011bku od 10 do 15 let je <strong>dorost.\u00a0<\/strong>Na na\u0161ich setk\u00e1n\u00edch nechyb\u00ed z\u00e1bava, hromada dobr\u00e9ho j\u00eddla a tak\u00e9 pov\u00edd\u00e1n\u00ed na r\u016fzn\u00e1 biblick\u00e1 t\u00e9mata. Nejlep\u0161\u00ed bude, kdy\u017e se o tom p\u0159esv\u011bd\u010d\u00ed\u0161 na vlastn\u00ed o\u010di. Pokud p\u0159ijde\u0161, r\u00e1di t\u011b uv\u00edt\u00e1me. Kontakt na vedouc\u00ed <a href=\"mailto:klarabarabaszova@seznam.cz\">klarabarabaszova@seznam.cz<\/a><\/p>\n[\/vc_column_text][\/vc_column][\/vc_row][vc_row type=&#8220;in_container&#8220; full_screen_row_position=&#8220;middle&#8220; scene_position=&#8220;center&#8220; text_color=&#8220;dark&#8220; text_align=&#8220;left&#8220; overlay_strength=&#8220;0.3&#8243; shape_divider_position=&#8220;bottom&#8220; bg_image_animation=&#8220;none&#8220;][vc_column column_padding=&#8220;no-extra-padding&#8220; column_padding_position=&#8220;all&#8220; background_color_opacity=&#8220;1&#8243; background_hover_color_opacity=&#8220;1&#8243; column_link_target=&#8220;_self&#8220; column_shadow=&#8220;none&#8220; column_border_radius=&#8220;none&#8220; width=&#8220;1\/1&#8243; tablet_width_inherit=&#8220;default&#8220; tablet_text_alignment=&#8220;default&#8220; phone_text_alignment=&#8220;default&#8220; column_border_width=&#8220;none&#8220; column_border_style=&#8220;solid&#8220; bg_image_animation=&#8220;none&#8220;]<div class=\"img-with-aniamtion-wrap center\" data-max-width=\"100%\" data-border-radius=\"none\"><div class=\"inner\"><img data-shadow=\"none\" data-shadow-direction=\"middle\" class=\"img-with-animation skip-lazy \" data-delay=\"0\" height=\"4000\" width=\"6000\"  data-animation=\"fade-in\" src=\"https:\/\/startcil.cz\/cs\/wp-content\/uploads\/2019\/10\/Klarce-1-of-1.jpg\" srcset=\"https:\/\/startcil.cz\/cs\/wp-content\/uploads\/2019\/10\/Klarce-1-of-1.jpg 6000w, https:\/\/startcil.cz\/cs\/wp-content\/uploads\/2019\/10\/Klarce-1-of-1-300x200.jpg 300w, https:\/\/startcil.cz\/cs\/wp-content\/uploads\/2019\/10\/Klarce-1-of-1-768x512.jpg 768w, https:\/\/startcil.cz\/cs\/wp-content\/uploads\/2019\/10\/Klarce-1-of-1-1024x683.jpg 1024w, https:\/\/startcil.cz\/cs\/wp-content\/uploads\/2019\/10\/Klarce-1-of-1-900x600.jpg 900w\" sizes=\"100vw\" alt=\"\" \/><\/div><\/div><div class=\"img-with-aniamtion-wrap \" data-max-width=\"100%\" data-border-radius=\"none\"><div class=\"inner\"><img data-shadow=\"none\" data-shadow-direction=\"middle\" class=\"img-with-animation skip-lazy \" data-delay=\"0\" height=\"100\" width=\"100\"  data-animation=\"fade-in\" src=\"\"  alt=\"\" \/><\/div><\/div>[\/vc_column][\/vc_row]\n","protected":false},"excerpt":{"rendered":"<p>[vc_row type=&#8220;in_container&#8220; full_screen_row_position=&#8220;middle&#8220; scene_position=&#8220;center&#8220; text_color=&#8220;dark&#8220; text_align=&#8220;left&#8220; overlay_strength=&#8220;0.3&#8243; shape_divider_position=&#8220;bottom&#8220; bg_image_animation=&#8220;none&#8220;][vc_column column_padding=&#8220;padding-3-percent&#8220; column_padding_position=&#8220;all&#8220; background_color_opacity=&#8220;1&#8243; background_hover_color_opacity=&#8220;1&#8243; column_link_target=&#8220;_self&#8220; column_shadow=&#8220;none&#8220;&#8230;<\/p>\n","protected":false},"author":1,"featured_media":0,"parent":16,"menu_order":0,"comment_status":"closed","ping_status":"closed","template":"","meta":[],"_links":{"self":[{"href":"https:\/\/startcil.cz\/cs\/wp-json\/wp\/v2\/pages\/47"}],"collection":[{"href":"https:\/\/startcil.cz\/cs\/wp-json\/wp\/v2\/pages"}],"about":[{"href":"https:\/\/startcil.cz\/cs\/wp-json\/wp\/v2\/types\/page"}],"author":[{"embeddable":true,"href":"https:\/\/startcil.cz\/cs\/wp-json\/wp\/v2\/users\/1"}],"replies":[{"embeddable":true,"href":"https:\/\/startcil.cz\/cs\/wp-json\/wp\/v2\/comments?post=47"}],"version-history":[{"count":7,"href":"https:\/\/startcil.cz\/cs\/wp-json\/wp\/v2\/pages\/47\/revisions"}],"predecessor-version":[{"id":7000,"href":"https:\/\/startcil.cz\/cs\/wp-json\/wp\/v2\/pages\/47\/revisions\/7000"}],"up":[{"embeddable":true,"href":"https:\/\/startcil.cz\/cs\/wp-json\/wp\/v2\/pages\/16"}],"wp:attachment":[{"href":"https:\/\/startcil.cz\/cs\/wp-json\/wp\/v2\/media?parent=47"}],"curies":[{"name":"wp","href":"https:\/\/api.w.org\/{rel}","templated":true}]}}