{"id":1226,"date":"2018-01-06T14:44:56","date_gmt":"2018-01-06T14:44:56","guid":{"rendered":"http:\/\/startcil.cz\/?page_id=1226"},"modified":"2026-01-03T10:58:22","modified_gmt":"2026-01-03T10:58:22","slug":"bohosluzby-2025","status":"publish","type":"page","link":"https:\/\/startcil.cz\/cs\/bohosluzby-2025\/","title":{"rendered":"Bohoslu\u017eby 2025"},"content":{"rendered":"[vc_row type=&#8220;in_container&#8220; full_screen_row_position=&#8220;middle&#8220; scene_position=&#8220;center&#8220; text_color=&#8220;dark&#8220; text_align=&#8220;left&#8220; overlay_strength=&#8220;0.3&#8243; shape_divider_position=&#8220;bottom&#8220; bg_image_animation=&#8220;none&#8220;][vc_column column_padding=&#8220;padding-3-percent&#8220; column_padding_position=&#8220;all&#8220; background_color_opacity=&#8220;1&#8243; background_hover_color_opacity=&#8220;1&#8243; column_link_target=&#8220;_self&#8220; column_shadow=&#8220;none&#8220; column_border_radius=&#8220;none&#8220; width=&#8220;1\/1&#8243; tablet_width_inherit=&#8220;default&#8220; tablet_text_alignment=&#8220;default&#8220; phone_text_alignment=&#8220;default&#8220; column_border_width=&#8220;none&#8220; column_border_style=&#8220;solid&#8220; bg_image_animation=&#8220;none&#8220; enable_animation=&#8220;true&#8220; animation=&#8220;fade-in&#8220;][vc_column_text]\n<h1 style=\"text-align: center;\">RO\u010cN\u00cd P\u0158EHLED BOHOSLU\u017dEB 2026<\/h1>\n[\/vc_column_text][\/vc_column][\/vc_row][vc_row type=&#8220;in_container&#8220; full_screen_row_position=&#8220;middle&#8220; scene_position=&#8220;center&#8220; text_color=&#8220;dark&#8220; text_align=&#8220;left&#8220; overlay_strength=&#8220;0.3&#8243; shape_divider_position=&#8220;bottom&#8220; bg_image_animation=&#8220;none&#8220;][vc_column column_padding=&#8220;no-extra-padding&#8220; column_padding_position=&#8220;all&#8220; background_color_opacity=&#8220;1&#8243; background_hover_color_opacity=&#8220;1&#8243; column_link_target=&#8220;_self&#8220; column_shadow=&#8220;none&#8220; column_border_radius=&#8220;none&#8220; width=&#8220;1\/1&#8243; tablet_width_inherit=&#8220;default&#8220; tablet_text_alignment=&#8220;default&#8220; phone_text_alignment=&#8220;default&#8220; column_border_width=&#8220;none&#8220; column_border_style=&#8220;solid&#8220; bg_image_animation=&#8220;none&#8220;]<div class=\"img-with-aniamtion-wrap \" data-max-width=\"100%\" data-border-radius=\"none\"><div class=\"inner\"><img data-shadow=\"none\" data-shadow-direction=\"middle\" class=\"img-with-animation skip-lazy \" data-delay=\"0\" height=\"2000\" width=\"1545\"  data-animation=\"fade-in\" src=\"https:\/\/startcil.cz\/cs\/wp-content\/uploads\/2026\/01\/3.jpg\" srcset=\"https:\/\/startcil.cz\/cs\/wp-content\/uploads\/2026\/01\/3.jpg 1545w, https:\/\/startcil.cz\/cs\/wp-content\/uploads\/2026\/01\/3-232x300.jpg 232w, https:\/\/startcil.cz\/cs\/wp-content\/uploads\/2026\/01\/3-791x1024.jpg 791w, https:\/\/startcil.cz\/cs\/wp-content\/uploads\/2026\/01\/3-768x994.jpg 768w, https:\/\/startcil.cz\/cs\/wp-content\/uploads\/2026\/01\/3-1187x1536.jpg 1187w\" sizes=\"100vw\" alt=\"\" \/><\/div><\/div><div class=\"img-with-aniamtion-wrap \" data-max-width=\"100%\" data-border-radius=\"none\"><div class=\"inner\"><img data-shadow=\"none\" data-shadow-direction=\"middle\" class=\"img-with-animation skip-lazy \" data-delay=\"0\" height=\"2000\" width=\"1545\"  data-animation=\"fade-in\" src=\"https:\/\/startcil.cz\/cs\/wp-content\/uploads\/2026\/01\/4.jpg\" srcset=\"https:\/\/startcil.cz\/cs\/wp-content\/uploads\/2026\/01\/4.jpg 1545w, https:\/\/startcil.cz\/cs\/wp-content\/uploads\/2026\/01\/4-232x300.jpg 232w, https:\/\/startcil.cz\/cs\/wp-content\/uploads\/2026\/01\/4-791x1024.jpg 791w, https:\/\/startcil.cz\/cs\/wp-content\/uploads\/2026\/01\/4-768x994.jpg 768w, https:\/\/startcil.cz\/cs\/wp-content\/uploads\/2026\/01\/4-1187x1536.jpg 1187w\" sizes=\"100vw\" alt=\"\" \/><\/div><\/div><div class=\"img-with-aniamtion-wrap \" data-max-width=\"100%\" data-border-radius=\"none\"><div class=\"inner\"><img data-shadow=\"none\" data-shadow-direction=\"middle\" class=\"img-with-animation skip-lazy \" data-delay=\"0\" height=\"2000\" width=\"1545\"  data-animation=\"fade-in\" src=\"https:\/\/startcil.cz\/cs\/wp-content\/uploads\/2026\/01\/5.jpg\" srcset=\"https:\/\/startcil.cz\/cs\/wp-content\/uploads\/2026\/01\/5.jpg 1545w, https:\/\/startcil.cz\/cs\/wp-content\/uploads\/2026\/01\/5-232x300.jpg 232w, https:\/\/startcil.cz\/cs\/wp-content\/uploads\/2026\/01\/5-791x1024.jpg 791w, https:\/\/startcil.cz\/cs\/wp-content\/uploads\/2026\/01\/5-768x994.jpg 768w, https:\/\/startcil.cz\/cs\/wp-content\/uploads\/2026\/01\/5-1187x1536.jpg 1187w\" sizes=\"100vw\" alt=\"\" \/><\/div><\/div>[\/vc_column][\/vc_row]\n","protected":false},"excerpt":{"rendered":"<p>[vc_row type=&#8220;in_container&#8220; full_screen_row_position=&#8220;middle&#8220; scene_position=&#8220;center&#8220; text_color=&#8220;dark&#8220; text_align=&#8220;left&#8220; overlay_strength=&#8220;0.3&#8243; shape_divider_position=&#8220;bottom&#8220; bg_image_animation=&#8220;none&#8220;][vc_column column_padding=&#8220;padding-3-percent&#8220; column_padding_position=&#8220;all&#8220; background_color_opacity=&#8220;1&#8243; background_hover_color_opacity=&#8220;1&#8243; column_link_target=&#8220;_self&#8220; column_shadow=&#8220;none&#8220;&#8230;<\/p>\n","protected":false},"author":1,"featured_media":0,"parent":0,"menu_order":0,"comment_status":"closed","ping_status":"closed","template":"","meta":[],"_links":{"self":[{"href":"https:\/\/startcil.cz\/cs\/wp-json\/wp\/v2\/pages\/1226"}],"collection":[{"href":"https:\/\/startcil.cz\/cs\/wp-json\/wp\/v2\/pages"}],"about":[{"href":"https:\/\/startcil.cz\/cs\/wp-json\/wp\/v2\/types\/page"}],"author":[{"embeddable":true,"href":"https:\/\/startcil.cz\/cs\/wp-json\/wp\/v2\/users\/1"}],"replies":[{"embeddable":true,"href":"https:\/\/startcil.cz\/cs\/wp-json\/wp\/v2\/comments?post=1226"}],"version-history":[{"count":20,"href":"https:\/\/startcil.cz\/cs\/wp-json\/wp\/v2\/pages\/1226\/revisions"}],"predecessor-version":[{"id":8135,"href":"https:\/\/startcil.cz\/cs\/wp-json\/wp\/v2\/pages\/1226\/revisions\/8135"}],"wp:attachment":[{"href":"https:\/\/startcil.cz\/cs\/wp-json\/wp\/v2\/media?parent=1226"}],"curies":[{"name":"wp","href":"https:\/\/api.w.org\/{rel}","templated":true}]}}