{"id":12,"date":"2015-01-14T13:05:37","date_gmt":"2015-01-14T13:05:37","guid":{"rendered":"http:\/\/cs.startcil.cz\/?page_id=12"},"modified":"2024-11-21T18:54:23","modified_gmt":"2024-11-21T18:54:23","slug":"kontakt","status":"publish","type":"page","link":"https:\/\/startcil.cz\/cs\/kontakt\/","title":{"rendered":"Kontakt"},"content":{"rendered":"[vc_row type=&#8220;in_container&#8220; full_screen_row_position=&#8220;middle&#8220; scene_position=&#8220;center&#8220; text_color=&#8220;dark&#8220; text_align=&#8220;left&#8220; overlay_strength=&#8220;0.3&#8243; shape_divider_position=&#8220;bottom&#8220; bg_image_animation=&#8220;none&#8220;][vc_column column_padding=&#8220;padding-3-percent&#8220; column_padding_position=&#8220;all&#8220; background_color_opacity=&#8220;1&#8243; background_hover_color_opacity=&#8220;1&#8243; column_link_target=&#8220;_self&#8220; column_shadow=&#8220;none&#8220; column_border_radius=&#8220;none&#8220; width=&#8220;1\/1&#8243; tablet_width_inherit=&#8220;default&#8220; tablet_text_alignment=&#8220;default&#8220; phone_text_alignment=&#8220;default&#8220; column_border_width=&#8220;none&#8220; column_border_style=&#8220;solid&#8220; bg_image_animation=&#8220;none&#8220; enable_animation=&#8220;true&#8220; animation=&#8220;fade-in&#8220;][vc_column_text]\n<h1 style=\"text-align: center;\">Kontakt<\/h1>\n[\/vc_column_text][\/vc_column][\/vc_row][vc_row type=&#8220;in_container&#8220; full_screen_row_position=&#8220;middle&#8220; scene_position=&#8220;center&#8220; text_color=&#8220;dark&#8220; text_align=&#8220;left&#8220; overlay_strength=&#8220;0.3&#8243; shape_divider_position=&#8220;bottom&#8220; bg_image_animation=&#8220;none&#8220;][vc_column column_padding=&#8220;no-extra-padding&#8220; column_padding_position=&#8220;all&#8220; background_color_opacity=&#8220;1&#8243; background_hover_color_opacity=&#8220;1&#8243; column_link_target=&#8220;_self&#8220; column_shadow=&#8220;none&#8220; column_border_radius=&#8220;none&#8220; width=&#8220;3\/12&#8243; tablet_width_inherit=&#8220;default&#8220; tablet_text_alignment=&#8220;default&#8220; phone_text_alignment=&#8220;default&#8220; column_border_width=&#8220;none&#8220; column_border_style=&#8220;solid&#8220; bg_image_animation=&#8220;none&#8220;][vc_column_text]<img loading=\"lazy\" class=\"alignleft size-medium wp-image-186\" src=\"http:\/\/startcil.cz\/new\/wp-content\/uploads\/2015\/03\/kostel_uvod1-230x300.jpg\" alt=\"kostel_uvod1\" width=\"230\" height=\"300\" srcset=\"https:\/\/startcil.cz\/cs\/wp-content\/uploads\/2015\/03\/kostel_uvod1-230x300.jpg 230w, https:\/\/startcil.cz\/cs\/wp-content\/uploads\/2015\/03\/kostel_uvod1-768x1004.jpg 768w, https:\/\/startcil.cz\/cs\/wp-content\/uploads\/2015\/03\/kostel_uvod1-783x1024.jpg 783w, https:\/\/startcil.cz\/cs\/wp-content\/uploads\/2015\/03\/kostel_uvod1.jpg 1000w\" sizes=\"(max-width: 230px) 100vw, 230px\" \/>[\/vc_column_text][\/vc_column][vc_column column_padding=&#8220;no-extra-padding&#8220; column_padding_position=&#8220;all&#8220; background_color_opacity=&#8220;1&#8243; background_hover_color_opacity=&#8220;1&#8243; column_link_target=&#8220;_self&#8220; column_shadow=&#8220;none&#8220; column_border_radius=&#8220;none&#8220; width=&#8220;4\/12&#8243; tablet_width_inherit=&#8220;default&#8220; tablet_text_alignment=&#8220;default&#8220; phone_text_alignment=&#8220;default&#8220; column_border_width=&#8220;none&#8220; column_border_style=&#8220;solid&#8220; bg_image_animation=&#8220;none&#8220;][vc_column_text]<span style=\"color: #000000;\"><strong>Sbor Slezsk\u00e9 c\u00edrkve evangelick\u00e9 a.v.\u00a0T\u011brlicko<br \/>\n<\/strong><\/span>Kosteln\u00ed 177<br \/>\n73542 T\u011brlicko<\/p>\n<p>I\u010cO:\u00a0<strong>69576041<\/strong><\/p>\n<p><span style=\"color: #000000;\"><strong>Pastor sboru<\/strong>:<\/span> Luk\u00e1\u0161 Sztefek<br \/>\n<strong>Kur\u00e1tor sboru:<\/strong> Du\u0161an Barabasz<\/p>\n<p><strong>E-mail:\u00a0<\/strong><a href=\"mailto:info@startcil.cz\" target=\"_blank\" rel=\"noopener\">info@startcil.cz<br \/>\n<\/a><strong>Telefon:<br \/>\n<\/strong>+420 737 449 044 (pastor)<br \/>\n\u202d+420 603 101 385\u202c (kur\u00e1tor)<\/p>\n<p><strong>Bankovn\u00ed spojen\u00ed SCEAV T\u011brlicko : <\/strong>2201473321\/2010<\/p>\n<p><strong>Bankovn\u00ed pod\u00fa\u010det zahrada C\u00edlovka: <\/strong>2001554557\/2010<\/p>\n<p>&nbsp;<\/p>\n<p><span style=\"color: #000000;\">Facebook:<\/span> <a href=\"http:\/\/www.facebook.com\/startcil\" target=\"_blank\" rel=\"noopener\">www.facebook.com\/startcil<\/a><\/p>\n<p>Instragram: <a href=\"https:\/\/www.instagram.com\/startcil.cz\">www.instagram.com\/startcil.cz<\/a>[\/vc_column_text][\/vc_column][vc_column column_padding=&#8220;no-extra-padding&#8220; column_padding_position=&#8220;all&#8220; background_color_opacity=&#8220;1&#8243; background_hover_color_opacity=&#8220;1&#8243; column_link_target=&#8220;_self&#8220; column_shadow=&#8220;none&#8220; column_border_radius=&#8220;none&#8220; width=&#8220;5\/12&#8243; tablet_width_inherit=&#8220;default&#8220; tablet_text_alignment=&#8220;default&#8220; phone_text_alignment=&#8220;default&#8220; column_border_width=&#8220;none&#8220; column_border_style=&#8220;solid&#8220; bg_image_animation=&#8220;none&#8220;]<div role=\"form\" class=\"wpcf7\" id=\"wpcf7-f6160-o1\" lang=\"cs-CZ\" dir=\"ltr\">\n<div class=\"screen-reader-response\"><p role=\"status\" aria-live=\"polite\" aria-atomic=\"true\"><\/p> <ul><\/ul><\/div>\n<form action=\"\/cs\/wp-json\/wp\/v2\/pages\/12#wpcf7-f6160-o1\" method=\"post\" class=\"wpcf7-form init\" novalidate=\"novalidate\" data-status=\"init\">\n<div style=\"display: none;\">\n<input type=\"hidden\" name=\"_wpcf7\" value=\"6160\" \/>\n<input type=\"hidden\" name=\"_wpcf7_version\" value=\"5.5.6\" \/>\n<input type=\"hidden\" name=\"_wpcf7_locale\" value=\"cs_CZ\" \/>\n<input type=\"hidden\" name=\"_wpcf7_unit_tag\" value=\"wpcf7-f6160-o1\" \/>\n<input type=\"hidden\" name=\"_wpcf7_container_post\" value=\"0\" \/>\n<input type=\"hidden\" name=\"_wpcf7_posted_data_hash\" value=\"\" \/>\n<input type=\"hidden\" name=\"_wpcf7_recaptcha_response\" value=\"\" \/>\n<\/div>\n<p>Jm\u00e9no a p\u0159\u00edjmen\u00ed*: <span class=\"wpcf7-form-control-wrap your-name\"><input type=\"text\" name=\"your-name\" value=\"\" size=\"40\" class=\"wpcf7-form-control wpcf7-text wpcf7-validates-as-required\" aria-required=\"true\" aria-invalid=\"false\" \/><\/span><br \/>\nE-mail*: <span class=\"wpcf7-form-control-wrap your-email\"><input type=\"email\" name=\"your-email\" value=\"\" size=\"40\" class=\"wpcf7-form-control wpcf7-text wpcf7-email wpcf7-validates-as-required wpcf7-validates-as-email\" aria-required=\"true\" aria-invalid=\"false\" \/><\/span><br \/>\nZpr\u00e1va: <span class=\"wpcf7-form-control-wrap your-message\"><textarea name=\"your-message\" cols=\"40\" rows=\"10\" class=\"wpcf7-form-control wpcf7-textarea\" aria-invalid=\"false\"><\/textarea><\/span><br \/>\n<span class=\"wpcf7-form-control-wrap checkbox-211\"><span class=\"wpcf7-form-control wpcf7-checkbox wpcf7-validates-as-required\"><span class=\"wpcf7-list-item first last\"><input type=\"checkbox\" name=\"checkbox-211[]\" value=\"Pou\u017eit\u00edm tohoto formul\u00e1\u0159e souhlas\u00edte se zpracov\u00e1n\u00edm a uchov\u00e1n\u00edm va\u0161ich osobn\u00edch \u00fadaj\u016f.\" \/><span class=\"wpcf7-list-item-label\">Pou\u017eit\u00edm tohoto formul\u00e1\u0159e souhlas\u00edte se zpracov\u00e1n\u00edm a uchov\u00e1n\u00edm va\u0161ich osobn\u00edch \u00fadaj\u016f.<\/span><\/span><\/span><\/span><\/p>\n\n<p><input type=\"submit\" value=\"Odeslat\" class=\"wpcf7-form-control has-spinner wpcf7-submit\" \/><\/p>\n<div class=\"wpcf7-response-output\" aria-hidden=\"true\"><\/div><\/form><\/div>[\/vc_column][\/vc_row][vc_row type=&#8220;full_width_content&#8220; full_screen_row_position=&#8220;middle&#8220; scene_position=&#8220;center&#8220; text_color=&#8220;dark&#8220; text_align=&#8220;left&#8220; overlay_strength=&#8220;0.3&#8243; shape_divider_position=&#8220;bottom&#8220; bg_image_animation=&#8220;none&#8220; shape_type=&#8220;&#8220;][vc_column column_padding=&#8220;no-extra-padding&#8220; column_padding_position=&#8220;all&#8220; background_color_opacity=&#8220;1&#8243; background_hover_color_opacity=&#8220;1&#8243; column_link_target=&#8220;_self&#8220; column_shadow=&#8220;none&#8220; column_border_radius=&#8220;none&#8220; width=&#8220;1\/1&#8243; tablet_width_inherit=&#8220;default&#8220; tablet_text_alignment=&#8220;default&#8220; phone_text_alignment=&#8220;default&#8220; column_border_width=&#8220;none&#8220; column_border_style=&#8220;solid&#8220; bg_image_animation=&#8220;none&#8220;][nectar_gmap map_type=&#8220;google&#8220; zoom=&#8220;17&#8243; enable_zoom=&#8220;1&#8243; marker_style=&#8220;default&#8220; nectar_marker_color=&#8220;accent-color&#8220; size=&#8220;300&#8243; map_center_lat=&#8220;49.757814&#8243; map_center_lng=&#8220;18.486014&#8243; map_markers=&#8220;49.757814|18.486014|Startc\u00edl &#8211; Sbor Slezsk\u00e9 c\u00edrkve evangelick\u00e9 a.v. T\u011brlicko&#8220;][\/vc_column][\/vc_row]\n","protected":false},"excerpt":{"rendered":"<p>[vc_row type=&#8220;in_container&#8220; full_screen_row_position=&#8220;middle&#8220; scene_position=&#8220;center&#8220; text_color=&#8220;dark&#8220; text_align=&#8220;left&#8220; overlay_strength=&#8220;0.3&#8243; shape_divider_position=&#8220;bottom&#8220; bg_image_animation=&#8220;none&#8220;][vc_column column_padding=&#8220;padding-3-percent&#8220; column_padding_position=&#8220;all&#8220; background_color_opacity=&#8220;1&#8243; background_hover_color_opacity=&#8220;1&#8243; column_link_target=&#8220;_self&#8220; column_shadow=&#8220;none&#8220;&#8230;<\/p>\n","protected":false},"author":1,"featured_media":0,"parent":0,"menu_order":0,"comment_status":"closed","ping_status":"closed","template":"","meta":[],"_links":{"self":[{"href":"https:\/\/startcil.cz\/cs\/wp-json\/wp\/v2\/pages\/12"}],"collection":[{"href":"https:\/\/startcil.cz\/cs\/wp-json\/wp\/v2\/pages"}],"about":[{"href":"https:\/\/startcil.cz\/cs\/wp-json\/wp\/v2\/types\/page"}],"author":[{"embeddable":true,"href":"https:\/\/startcil.cz\/cs\/wp-json\/wp\/v2\/users\/1"}],"replies":[{"embeddable":true,"href":"https:\/\/startcil.cz\/cs\/wp-json\/wp\/v2\/comments?post=12"}],"version-history":[{"count":12,"href":"https:\/\/startcil.cz\/cs\/wp-json\/wp\/v2\/pages\/12\/revisions"}],"predecessor-version":[{"id":7689,"href":"https:\/\/startcil.cz\/cs\/wp-json\/wp\/v2\/pages\/12\/revisions\/7689"}],"wp:attachment":[{"href":"https:\/\/startcil.cz\/cs\/wp-json\/wp\/v2\/media?parent=12"}],"curies":[{"name":"wp","href":"https:\/\/api.w.org\/{rel}","templated":true}]}}