{"id":6795,"date":"2022-03-14T20:03:33","date_gmt":"2022-03-14T20:03:33","guid":{"rendered":"http:\/\/startcil.cz\/cs\/?page_id=6795"},"modified":"2022-04-02T18:25:08","modified_gmt":"2022-04-02T18:25:08","slug":"modlitby","status":"publish","type":"page","link":"http:\/\/startcil.cz\/cs\/modlitby\/","title":{"rendered":"Modlitby 24 7"},"content":{"rendered":"<p><img loading=\"lazy\" class=\"wp-image-6807 size-large aligncenter\" src=\"http:\/\/startcil.cz\/cs\/wp-content\/uploads\/2022\/04\/Navrh-bez-nazvu-2-1024x390.png\" alt=\"\" width=\"1024\" height=\"390\" \/><\/p>\n<h3 style=\"text-align: center;\"><a href=\"http:\/\/www.modlitby24-7.cz\/terlicko\/rozpis\">P\u0159ihla\u0161ovac\u00ed formul\u00e1\u0159 zde.\u00a0<\/a><\/h3>\n<p>&nbsp;<\/p>\n","protected":false},"excerpt":{"rendered":"<p>P\u0159ihla\u0161ovac\u00ed formul\u00e1\u0159 zde.\u00a0 &nbsp;<\/p>\n","protected":false},"author":2,"featured_media":0,"parent":0,"menu_order":0,"comment_status":"closed","ping_status":"closed","template":"","meta":[],"_links":{"self":[{"href":"http:\/\/startcil.cz\/cs\/wp-json\/wp\/v2\/pages\/6795"}],"collection":[{"href":"http:\/\/startcil.cz\/cs\/wp-json\/wp\/v2\/pages"}],"about":[{"href":"http:\/\/startcil.cz\/cs\/wp-json\/wp\/v2\/types\/page"}],"author":[{"embeddable":true,"href":"http:\/\/startcil.cz\/cs\/wp-json\/wp\/v2\/users\/2"}],"replies":[{"embeddable":true,"href":"http:\/\/startcil.cz\/cs\/wp-json\/wp\/v2\/comments?post=6795"}],"version-history":[{"count":5,"href":"http:\/\/startcil.cz\/cs\/wp-json\/wp\/v2\/pages\/6795\/revisions"}],"predecessor-version":[{"id":6817,"href":"http:\/\/startcil.cz\/cs\/wp-json\/wp\/v2\/pages\/6795\/revisions\/6817"}],"wp:attachment":[{"href":"http:\/\/startcil.cz\/cs\/wp-json\/wp\/v2\/media?parent=6795"}],"curies":[{"name":"wp","href":"https:\/\/api.w.org\/{rel}","templated":true}]}}