{"id":45,"date":"2015-01-14T14:10:45","date_gmt":"2015-01-14T14:10:45","guid":{"rendered":"http:\/\/cs.startcil.cz\/?page_id=45"},"modified":"2023-06-03T05:00:34","modified_gmt":"2023-06-03T05:00:34","slug":"deti","status":"publish","type":"page","link":"http:\/\/startcil.cz\/cs\/co-delame\/deti\/","title":{"rendered":"D\u011bti"},"content":{"rendered":"[vc_row type=&#8220;in_container&#8220; full_screen_row_position=&#8220;middle&#8220; scene_position=&#8220;center&#8220; text_color=&#8220;dark&#8220; text_align=&#8220;left&#8220; overlay_strength=&#8220;0.3&#8243; shape_divider_position=&#8220;bottom&#8220; bg_image_animation=&#8220;none&#8220;][vc_column column_padding=&#8220;padding-3-percent&#8220; column_padding_position=&#8220;all&#8220; background_color_opacity=&#8220;1&#8243; background_hover_color_opacity=&#8220;1&#8243; column_link_target=&#8220;_self&#8220; column_shadow=&#8220;none&#8220; column_border_radius=&#8220;none&#8220; width=&#8220;1\/1&#8243; tablet_width_inherit=&#8220;default&#8220; tablet_text_alignment=&#8220;default&#8220; phone_text_alignment=&#8220;default&#8220; column_border_width=&#8220;none&#8220; column_border_style=&#8220;solid&#8220; bg_image_animation=&#8220;none&#8220; enable_animation=&#8220;true&#8220; animation=&#8220;fade-in&#8220;][vc_column_text]\n<h1 style=\"text-align: center;\">D\u011aTI<\/h1>\n[\/vc_column_text][\/vc_column][\/vc_row][vc_row type=&#8220;in_container&#8220; full_screen_row_position=&#8220;middle&#8220; scene_position=&#8220;center&#8220; text_color=&#8220;dark&#8220; text_align=&#8220;left&#8220; overlay_strength=&#8220;0.3&#8243; shape_divider_position=&#8220;bottom&#8220; bg_image_animation=&#8220;none&#8220;][vc_column column_padding=&#8220;no-extra-padding&#8220; column_padding_position=&#8220;all&#8220; background_color_opacity=&#8220;1&#8243; background_hover_color_opacity=&#8220;1&#8243; column_link_target=&#8220;_self&#8220; column_shadow=&#8220;none&#8220; column_border_radius=&#8220;none&#8220; width=&#8220;1\/1&#8243; tablet_width_inherit=&#8220;default&#8220; tablet_text_alignment=&#8220;default&#8220; phone_text_alignment=&#8220;default&#8220; column_border_width=&#8220;none&#8220; column_border_style=&#8220;solid&#8220; bg_image_animation=&#8220;none&#8220;][vc_column_text]Jsi-li d\u00edt\u011b a bohoslu\u017eby pro dosp\u011bl\u00e1ky t\u011b nebav\u00ed, tak se m\u016f\u017ee\u0161 z\u00fa\u010dastnit ned\u011bln\u00edho setk\u00e1n\u00ed pro d\u011bti, tzv. \u201ened\u011bln\u00ed \u0161koly\u201c. Ale neboj, zkou\u0161en\u00ed ani p\u00edsemky tam nebudou. M\u016f\u017ee\u0161 se t\u011b\u0161it na r\u016fzn\u00e9 hry, p\u00edsni\u010dky a na poutav\u00fd p\u0159\u00edb\u011bh z Bible.<\/p>\n<p>Ned\u011bln\u00ed \u0161kola je rozd\u011blena pro men\u0161\u00ed d\u011bti (do 6 let) a pro star\u0161\u00ed d\u011bti (od 6 \u2013 12 let). Pro star\u0161\u00ed d\u011bti p\u0159ipravujeme tak\u00e9 t\u00fddenn\u00ed letn\u00ed t\u00e1bor. Na cokoliv ohledn\u011b d\u011bt\u00ed se m\u016f\u017eete zeptat vedouc\u00ed Miriam Josiek\u00a0<a href=\"mailto:josiek.miriam@gmail.com\"><span class=\"qu\" tabindex=\"-1\" role=\"gridcell\" translate=\"no\"><span class=\"go\">josiek.miriam@gmail.com<\/span><\/span><\/a><\/p>\n<p>V p\u0159\u00edpad\u011b dotazu ohledn\u011b d\u011btsk\u00e9ho t\u00e1bora pi\u0161te na email <a href=\"mailto:info@startcil.cz\">info@startcil.cz<\/a>.<\/p>\n<p><img loading=\"lazy\" class=\"alignnone wp-image-6246 size-full\" src=\"http:\/\/startcil.cz\/new\/wp-content\/uploads\/2019\/04\/De\u030cti.jpg\" alt=\"\" width=\"4096\" height=\"2730\" srcset=\"http:\/\/startcil.cz\/cs\/wp-content\/uploads\/2019\/04\/De\u030cti.jpg 4096w, http:\/\/startcil.cz\/cs\/wp-content\/uploads\/2019\/04\/De\u030cti-300x200.jpg 300w, http:\/\/startcil.cz\/cs\/wp-content\/uploads\/2019\/04\/De\u030cti-768x512.jpg 768w, http:\/\/startcil.cz\/cs\/wp-content\/uploads\/2019\/04\/De\u030cti-1024x683.jpg 1024w, http:\/\/startcil.cz\/cs\/wp-content\/uploads\/2019\/04\/De\u030cti-900x600.jpg 900w\" sizes=\"(max-width: 4096px) 100vw, 4096px\" \/>[\/vc_column_text][\/vc_column][\/vc_row][vc_row type=&#8220;in_container&#8220; full_screen_row_position=&#8220;middle&#8220; scene_position=&#8220;center&#8220; text_color=&#8220;dark&#8220; text_align=&#8220;left&#8220; overlay_strength=&#8220;0.3&#8243; shape_divider_position=&#8220;bottom&#8220; bg_image_animation=&#8220;none&#8220;][vc_column column_padding=&#8220;no-extra-padding&#8220; column_padding_position=&#8220;all&#8220; background_color_opacity=&#8220;1&#8243; background_hover_color_opacity=&#8220;1&#8243; column_link_target=&#8220;_self&#8220; column_shadow=&#8220;none&#8220; column_border_radius=&#8220;none&#8220; width=&#8220;1\/1&#8243; tablet_width_inherit=&#8220;default&#8220; tablet_text_alignment=&#8220;default&#8220; phone_text_alignment=&#8220;default&#8220; column_border_width=&#8220;none&#8220; column_border_style=&#8220;solid&#8220; bg_image_animation=&#8220;none&#8220;][\/vc_column][\/vc_row]\n","protected":false},"excerpt":{"rendered":"<p>[vc_row type=&#8220;in_container&#8220; full_screen_row_position=&#8220;middle&#8220; scene_position=&#8220;center&#8220; text_color=&#8220;dark&#8220; text_align=&#8220;left&#8220; overlay_strength=&#8220;0.3&#8243; shape_divider_position=&#8220;bottom&#8220; bg_image_animation=&#8220;none&#8220;][vc_column column_padding=&#8220;padding-3-percent&#8220; column_padding_position=&#8220;all&#8220; background_color_opacity=&#8220;1&#8243; background_hover_color_opacity=&#8220;1&#8243; column_link_target=&#8220;_self&#8220; column_shadow=&#8220;none&#8220;&#8230;<\/p>\n","protected":false},"author":1,"featured_media":0,"parent":16,"menu_order":0,"comment_status":"closed","ping_status":"closed","template":"","meta":[],"_links":{"self":[{"href":"http:\/\/startcil.cz\/cs\/wp-json\/wp\/v2\/pages\/45"}],"collection":[{"href":"http:\/\/startcil.cz\/cs\/wp-json\/wp\/v2\/pages"}],"about":[{"href":"http:\/\/startcil.cz\/cs\/wp-json\/wp\/v2\/types\/page"}],"author":[{"embeddable":true,"href":"http:\/\/startcil.cz\/cs\/wp-json\/wp\/v2\/users\/1"}],"replies":[{"embeddable":true,"href":"http:\/\/startcil.cz\/cs\/wp-json\/wp\/v2\/comments?post=45"}],"version-history":[{"count":9,"href":"http:\/\/startcil.cz\/cs\/wp-json\/wp\/v2\/pages\/45\/revisions"}],"predecessor-version":[{"id":6999,"href":"http:\/\/startcil.cz\/cs\/wp-json\/wp\/v2\/pages\/45\/revisions\/6999"}],"up":[{"embeddable":true,"href":"http:\/\/startcil.cz\/cs\/wp-json\/wp\/v2\/pages\/16"}],"wp:attachment":[{"href":"http:\/\/startcil.cz\/cs\/wp-json\/wp\/v2\/media?parent=45"}],"curies":[{"name":"wp","href":"https:\/\/api.w.org\/{rel}","templated":true}]}}